{"id":79,"date":"2015-03-29T17:39:23","date_gmt":"2015-03-29T16:39:23","guid":{"rendered":"http:\/\/pom.pt\/2016\/en\/?page_id=79"},"modified":"2016-01-27T21:22:21","modified_gmt":"2016-01-27T21:22:21","slug":"dia-2-preo","status":"publish","type":"page","link":"https:\/\/pom.pt\/2016\/dia-2-preo\/","title":{"rendered":"Dia 2 &#8211; Invacare PreO &#8211; Abelheira"},"content":{"rendered":"<p><\/p>\n<h3><span style=\"color: #ff0000\">Declara\u00e7\u00e3o do Supervisor Nacional sobre o Invacare Preo do POM 2016<\/span><\/h3>\n<p>O n\u00famero de incritos na classe Aberta do Invacare PreO aumentou para al\u00e9m das melhores expetativas da equipa organizativa, sendo a principal raz\u00e3o o grande interesse dos atletas.<\/p>\n<p>Por essa raz\u00e3o, h\u00e1 um compromisso da equipa do POM 2016 no sentido de permitir que todos participem, sem frustar expetativas, n\u00e3o limitando o n\u00famero m\u00e1ximo de inscri\u00e7\u00f5es.<\/p>\n<p>H\u00e1 uma grande preocupa\u00e7\u00e3o em assegurar que h\u00e1 margem suficiente para que todos os atletas que participam na etapa M\u00e9dia tenham algum tempo para descanso, para alimenta\u00e7\u00e3o e que cheguem em seguran\u00e7a \u00e0 competi\u00e7\u00e3o de PreO.<\/p>\n<p>Antes desta declara\u00e7\u00e3o, a janela de tempo estimada como necess\u00e1ria para que todos os atletas realizassem em fila \u00fanica a esta\u00e7\u00e3o cronometrada n\u00e3o garantia que houvesse condi\u00e7\u00f5es de luz id\u00eanticas para a realiza\u00e7\u00e3o do percurso formal.<\/p>\n<p>Por forma a ultrapassar esta situa\u00e7\u00e3o e prevenir alguma injusti\u00e7a no que respeita \u00e0 Ta\u00e7a de Portugal de Orienta\u00e7\u00e3o de Precis\u00e3o e aos eventos que contam para a sele\u00e7\u00e3o dos atletas que ir\u00e3o participar no ETOC2016\/WTOC2016, o Supervisor Nacional decidiu o seguinte:<\/p>\n<p>&#8211; O planeamento final da prova n\u00e3o ser\u00e1 alterado ou cortado, procedendo-se \u00e0 realiza\u00e7\u00e3o dos 3 desafios na esta\u00e7\u00e3o cronometrada e de 24 pontos no percurso formal.<\/p>\n<p>&#8211; Uma esta\u00e7\u00e3o dupla ser\u00e1 montada lado a lado, com interfer\u00eancia visual e ac\u00fastica minimizada. As cadeiras estar\u00e3o separadas apenas por alguns metros uma da outra.<\/p>\n<p>&#8211; O \u00e2ngulo de vis\u00e3o entre esta\u00e7\u00f5es \u00e9 semelhante, por forma a usar o mesmo mapa e ordem de desafios.<\/p>\n<p>&#8211; A pequena diferen\u00e7a de posi\u00e7\u00e3o dos elementos e balizas avistadas de cada esta\u00e7\u00e3o n\u00e3o ser\u00e1 um problema, devido \u00e0 proximidade dos locais de avistamento, do formato redondo dos mapas dos cronometrados e da natureza dos cronometrados de PReO (n\u00e3o h\u00e1 resposta zero).<\/p>\n<p>&#8211; Por raz\u00f5es operacionais, os procedimentos ser\u00e3o maioritariamente em Portugu\u00eas numa esta\u00e7\u00e3o e em Ingl\u00eas na outra.<\/p>\n<p>&#8211; As listas de partida para a classe Aberta ser\u00e1 publicada por Esta\u00e7\u00e3o.<\/p>\n<p>O Supervisor Nacional pede para ser informado com anteced\u00eancia (antes do evento) se algum atleta est\u00e1 em desacordo com esta excep\u00e7\u00e3o \u00e0 regra, tendo em conta que os resultados da classe Aberta ser\u00e3o apurados independentemente da esta\u00e7\u00e3o usada por cada um.<\/p>\n<p>N\u00e3o ser\u00e3o aceites reclama\u00e7\u00f5es \u00e0 solu\u00e7\u00e3o adotada de dividir a esta\u00e7\u00e3o cronometrada.<\/p>\n<p>Nuno Pires, em 26 de janeiro de 2016<\/p>\n<p>&nbsp;<\/p>\n<p><strong>Especifica\u00e7\u00f5es:<\/strong><\/p>\n<p><img loading=\"lazy\" decoding=\"async\" class=\"size-full wp-image-1094 aligncenter\" src=\"http:\/\/pom.pt\/2016\/wp-content\/uploads\/2015\/03\/Inf-Tecnicas-PreO-PT-Final.jpg\" alt=\"Inf Tecnicas PreO PT-Final\" width=\"1368\" height=\"297\" srcset=\"https:\/\/pom.pt\/2016\/wp-content\/uploads\/2015\/03\/Inf-Tecnicas-PreO-PT-Final.jpg 1368w, https:\/\/pom.pt\/2016\/wp-content\/uploads\/2015\/03\/Inf-Tecnicas-PreO-PT-Final-300x65.jpg 300w, https:\/\/pom.pt\/2016\/wp-content\/uploads\/2015\/03\/Inf-Tecnicas-PreO-PT-Final-768x167.jpg 768w, https:\/\/pom.pt\/2016\/wp-content\/uploads\/2015\/03\/Inf-Tecnicas-PreO-PT-Final-1024x222.jpg 1024w\" sizes=\"auto, (max-width: 1368px) 100vw, 1368px\" \/><\/p>\n<p><strong>Mapa: <\/strong>Abelheira\u00a0(2015)<\/p>\n<p><strong>Cart\u00f3grafo:<\/strong>\u00a0Rui Antunes<\/p>\n<p><strong>Tra\u00e7adores de percursos:\u00a0<\/strong>In\u00eas Domingues &amp; Edgar Domingues<\/p>\n<p><strong>Escala do mapa:\u00a0<\/strong>1:5 000<\/p>\n<p><strong>Equidist\u00e2ncia:\u00a0<\/strong>5m<\/p>\n<p><strong>Supervisor:\u00a0<\/strong>Nuno Pires<\/p>\n<p><strong>Excertos do mapas:<\/strong><\/p>\n<p><a href=\"http:\/\/pom.pt\/2016\/wp-content\/uploads\/2015\/03\/PreOExcertoMapaIII.jpg\"><img loading=\"lazy\" decoding=\"async\" class=\"aligncenter wp-image-851 size-medium\" src=\"http:\/\/pom.pt\/2016\/wp-content\/uploads\/2015\/03\/PreOExcertoMapaIII-300x254.jpg\" alt=\"PreOExcertoMapaIII\" width=\"300\" height=\"254\" srcset=\"https:\/\/pom.pt\/2016\/wp-content\/uploads\/2015\/03\/PreOExcertoMapaIII-300x254.jpg 300w, https:\/\/pom.pt\/2016\/wp-content\/uploads\/2015\/03\/PreOExcertoMapaIII.jpg 763w\" sizes=\"auto, (max-width: 300px) 100vw, 300px\" \/><\/a><a href=\"http:\/\/pom.pt\/2016\/wp-content\/uploads\/2015\/03\/PreOExcertoMapaII.jpg\"><br \/>\n<\/a><a href=\"http:\/\/pom.pt\/2016\/wp-content\/uploads\/2015\/03\/PreOExcertoMapaI.jpg\"><img loading=\"lazy\" decoding=\"async\" class=\"aligncenter wp-image-849 size-medium\" src=\"http:\/\/pom.pt\/2016\/wp-content\/uploads\/2015\/03\/PreOExcertoMapaI-300x276.jpg\" alt=\"PreOExcertoMapaI\" width=\"300\" height=\"276\" srcset=\"https:\/\/pom.pt\/2016\/wp-content\/uploads\/2015\/03\/PreOExcertoMapaI-300x276.jpg 300w, https:\/\/pom.pt\/2016\/wp-content\/uploads\/2015\/03\/PreOExcertoMapaI.jpg 747w\" sizes=\"auto, (max-width: 300px) 100vw, 300px\" \/><\/a><\/p>\n<p><strong>Fotos:<\/strong><\/p>\n<p><img loading=\"lazy\" decoding=\"async\" class=\"size-full wp-image-961\" src=\"http:\/\/pom.pt\/2016\/wp-content\/uploads\/2015\/03\/PreO_01.jpg\" alt=\"KONICA MINOLTA DIGITAL CAMERA\" width=\"1704\" height=\"1278\" srcset=\"https:\/\/pom.pt\/2016\/wp-content\/uploads\/2015\/03\/PreO_01.jpg 1704w, https:\/\/pom.pt\/2016\/wp-content\/uploads\/2015\/03\/PreO_01-300x225.jpg 300w, https:\/\/pom.pt\/2016\/wp-content\/uploads\/2015\/03\/PreO_01-768x576.jpg 768w, https:\/\/pom.pt\/2016\/wp-content\/uploads\/2015\/03\/PreO_01-1024x768.jpg 1024w\" sizes=\"auto, (max-width: 1704px) 100vw, 1704px\" \/> <img loading=\"lazy\" decoding=\"async\" class=\"size-full wp-image-962\" src=\"http:\/\/pom.pt\/2016\/wp-content\/uploads\/2015\/03\/PreO_02.jpg\" alt=\"KONICA MINOLTA DIGITAL CAMERA\" width=\"1704\" height=\"1278\" srcset=\"https:\/\/pom.pt\/2016\/wp-content\/uploads\/2015\/03\/PreO_02.jpg 1704w, https:\/\/pom.pt\/2016\/wp-content\/uploads\/2015\/03\/PreO_02-300x225.jpg 300w, https:\/\/pom.pt\/2016\/wp-content\/uploads\/2015\/03\/PreO_02-768x576.jpg 768w, https:\/\/pom.pt\/2016\/wp-content\/uploads\/2015\/03\/PreO_02-1024x768.jpg 1024w\" sizes=\"auto, (max-width: 1704px) 100vw, 1704px\" \/><br \/>\n<img loading=\"lazy\" decoding=\"async\" class=\"size-full wp-image-963\" src=\"http:\/\/pom.pt\/2016\/wp-content\/uploads\/2015\/03\/PreO_03.jpg\" alt=\"KONICA MINOLTA DIGITAL CAMERA\" width=\"1704\" height=\"1278\" srcset=\"https:\/\/pom.pt\/2016\/wp-content\/uploads\/2015\/03\/PreO_03.jpg 1704w, https:\/\/pom.pt\/2016\/wp-content\/uploads\/2015\/03\/PreO_03-300x225.jpg 300w, https:\/\/pom.pt\/2016\/wp-content\/uploads\/2015\/03\/PreO_03-768x576.jpg 768w, https:\/\/pom.pt\/2016\/wp-content\/uploads\/2015\/03\/PreO_03-1024x768.jpg 1024w\" sizes=\"auto, (max-width: 1704px) 100vw, 1704px\" \/><\/p>\n<p><strong>Terreno:<\/strong><\/p>\n<p>Terreno muito rico em elementos naturais, especialmente rochas.<\/p>\n<p>O percurso desenrola-se, totalmente, em caminhos alcatroados, apresentando bom piso para a desloca\u00e7\u00e3o em cadeira de rodas, embora tenha algum desn\u00edvel. N\u00e3o \u00e9 permitido sair dos caminhos alcatroados, sob pena de desclassifica\u00e7\u00e3o.<\/p>\n<p>\u00c9 da responsabilidade do atleta paral\u00edmpico fazer-se acompanhar por um ajudante, caso necessite deste, pois a organiza\u00e7\u00e3o n\u00e3o ter\u00e1 volunt\u00e1rios para acompanhar os atletas.<\/p>\n<p>O limiar m\u00ednimo para as pedras estarem individualmente mapeadas \u00e9 pelo menos 2 metros de altura. Cabe ao atleta perceber quais pedras s\u00e3o as relevantes.<\/p>\n<p>\u00c9 obrigat\u00f3rio manter SIL\u00caNCIO durante toda a prova e os \u00fanicos suportes \u00e0 navega\u00e7\u00e3o permitidos s\u00e3o o mapa e a sinal\u00e9tica (fornecidos pela organiza\u00e7\u00e3o) e uma b\u00fassola; \u00e9 interdito o uso de quaisquer outros dispositivos de aux\u00edlio, \u00e0 exce\u00e7\u00e3o duma lupa de vidro (incorporada na b\u00fassola ou separada desta), dum od\u00f3metro e dum rel\u00f3gio. O uso de quaisquer dispositivos de comunica\u00e7\u00e3o implica a desclassifica\u00e7\u00e3o imediata do atleta.<\/p>\n<p>Eventuais reclama\u00e7\u00f5es devem ser apresentadas, pelo atleta, no secretariado ou \u00e0 dire\u00e7\u00e3o da prova, no prazo m\u00e1ximo de 15 minutos ap\u00f3s serem divulgadas as solu\u00e7\u00f5es.<\/p>\n<p><strong>Regulamento:<\/strong><\/p>\n<p>Aplica-se integralmente o Regulamento de Competi\u00e7\u00f5es 2015 da Federa\u00e7\u00e3o Portuguesa de Orienta\u00e7\u00e3o (FPO); casos omissos ser\u00e3o decididos, pela organiza\u00e7\u00e3o, \u00e0 luz do regulamento<\/p>","protected":false},"excerpt":{"rendered":"<p>Declara\u00e7\u00e3o do Supervisor Nacional sobre o Invacare Preo do POM 2016 O n\u00famero de incritos na classe Aberta do Invacare PreO aumentou para al\u00e9m das melhores expetativas da equipa organizativa, sendo a principal raz\u00e3o o grande interesse dos atletas. Por essa raz\u00e3o, h\u00e1 um compromisso da equipa do POM 2016 no sentido de permitir que todos participem, sem frustar expetativas, n\u00e3o limitando o n\u00famero m\u00e1ximo de inscri\u00e7\u00f5es. H\u00e1 uma grande preocupa\u00e7\u00e3o em assegurar que h\u00e1 margem suficiente para que todos os atletas que participam na etapa M\u00e9dia tenham algum tempo para descanso, para alimenta\u00e7\u00e3o e que cheguem em seguran\u00e7a \u00e0 competi\u00e7\u00e3o de PreO. Antes desta declara\u00e7\u00e3o, a janela de tempo &hellip; <a href=\"https:\/\/pom.pt\/2016\/dia-2-preo\/\" class=\"more-link\">Continuar a ler <span class=\"screen-reader-text\">Dia 2 &#8211; Invacare PreO &#8211; Abelheira<\/span><\/a><\/p>\n","protected":false},"author":3,"featured_media":0,"parent":0,"menu_order":0,"comment_status":"closed","ping_status":"closed","template":"","meta":{"_monsterinsights_skip_tracking":false,"_monsterinsights_sitenote_active":false,"_monsterinsights_sitenote_note":"","_monsterinsights_sitenote_category":0,"footnotes":""},"class_list":["post-79","page","type-page","status-publish","hentry"],"_links":{"self":[{"href":"https:\/\/pom.pt\/2016\/wp-json\/wp\/v2\/pages\/79","targetHints":{"allow":["GET"]}}],"collection":[{"href":"https:\/\/pom.pt\/2016\/wp-json\/wp\/v2\/pages"}],"about":[{"href":"https:\/\/pom.pt\/2016\/wp-json\/wp\/v2\/types\/page"}],"author":[{"embeddable":true,"href":"https:\/\/pom.pt\/2016\/wp-json\/wp\/v2\/users\/3"}],"replies":[{"embeddable":true,"href":"https:\/\/pom.pt\/2016\/wp-json\/wp\/v2\/comments?post=79"}],"version-history":[{"count":22,"href":"https:\/\/pom.pt\/2016\/wp-json\/wp\/v2\/pages\/79\/revisions"}],"predecessor-version":[{"id":1097,"href":"https:\/\/pom.pt\/2016\/wp-json\/wp\/v2\/pages\/79\/revisions\/1097"}],"wp:attachment":[{"href":"https:\/\/pom.pt\/2016\/wp-json\/wp\/v2\/media?parent=79"}],"curies":[{"name":"wp","href":"https:\/\/api.w.org\/{rel}","templated":true}]}}