{"id":71,"date":"2015-03-29T17:34:33","date_gmt":"2015-03-29T16:34:33","guid":{"rendered":"http:\/\/pom.pt\/2016\/en\/?page_id=71"},"modified":"2016-01-14T13:24:15","modified_gmt":"2016-01-14T13:24:15","slug":"dia-0-model-event","status":"publish","type":"page","link":"https:\/\/pom.pt\/2016\/dia-0-model-event\/","title":{"rendered":"Dia -1 &amp; 0 &#8211; Model Event 2 &#8211; Ramalh\u00e3o"},"content":{"rendered":"<p>Os mapas para o Model Event devem ser reservados atrav\u00e9s do formul\u00e1rio de inscri\u00e7\u00e3o no POM no OriOasis por forma a garantir a disponibilidade do mapa. A organiza\u00e7\u00e3o ter\u00e1 mapas de model event para venda no Event Center mas num n\u00famero muito limitado.<\/p>\n<p><strong>Mapa:<\/strong> Ramalh\u00e3o (2015)<\/p>\n<p><strong>Cart\u00f3grafo:\u00a0<\/strong>Jos\u00e9 Batista<\/p>\n<p><strong>Tra\u00e7adores de percursos:\u00a0<\/strong>Helder Ferreira<\/p>\n<p><strong>Escala do mapa:\u00a0<\/strong>1:15 000 &amp; 1:10 000<\/p>\n<p><strong>Equidist\u00e2ncia:\u00a0<\/strong>5m<\/p>\n<p><strong>Excertos do mapa:<\/strong><\/p>\n<p><a href=\"http:\/\/pom.pt\/2016\/wp-content\/uploads\/2015\/10\/Ramalh\u00e3o_ExcertoMapaIII.jpg\"><img loading=\"lazy\" decoding=\"async\" class=\"aligncenter size-full wp-image-717\" src=\"http:\/\/pom.pt\/2016\/wp-content\/uploads\/2015\/10\/Ramalh\u00e3o_ExcertoMapaIII.jpg\" alt=\"Ramalh\u00e3o_ExcertoMapaIII\" width=\"286\" height=\"360\" srcset=\"https:\/\/pom.pt\/2016\/wp-content\/uploads\/2015\/10\/Ramalh\u00e3o_ExcertoMapaIII.jpg 286w, https:\/\/pom.pt\/2016\/wp-content\/uploads\/2015\/10\/Ramalh\u00e3o_ExcertoMapaIII-238x300.jpg 238w\" sizes=\"auto, (max-width: 286px) 100vw, 286px\" \/><\/a><\/p>\n<p><a href=\"http:\/\/pom.pt\/2016\/wp-content\/uploads\/2015\/10\/Ramalh\u00e3o_ExcertoMapaII.jpg\"><img loading=\"lazy\" decoding=\"async\" class=\"aligncenter size-full wp-image-716\" src=\"http:\/\/pom.pt\/2016\/wp-content\/uploads\/2015\/10\/Ramalh\u00e3o_ExcertoMapaII.jpg\" alt=\"Ramalh\u00e3o_ExcertoMapaII\" width=\"347\" height=\"284\" srcset=\"https:\/\/pom.pt\/2016\/wp-content\/uploads\/2015\/10\/Ramalh\u00e3o_ExcertoMapaII.jpg 347w, https:\/\/pom.pt\/2016\/wp-content\/uploads\/2015\/10\/Ramalh\u00e3o_ExcertoMapaII-300x246.jpg 300w\" sizes=\"auto, (max-width: 347px) 100vw, 347px\" \/><\/a><\/p>","protected":false},"excerpt":{"rendered":"<p>Os mapas para o Model Event devem ser reservados atrav\u00e9s do formul\u00e1rio de inscri\u00e7\u00e3o no POM no OriOasis por forma a garantir a disponibilidade do mapa. A organiza\u00e7\u00e3o ter\u00e1 mapas de model event para venda no Event Center mas num n\u00famero muito limitado. Mapa: Ramalh\u00e3o (2015) Cart\u00f3grafo:\u00a0Jos\u00e9 Batista Tra\u00e7adores de percursos:\u00a0Helder Ferreira Escala do mapa:\u00a01:15 000 &amp; 1:10 000 Equidist\u00e2ncia:\u00a05m Excertos do mapa:<\/p>\n","protected":false},"author":3,"featured_media":0,"parent":0,"menu_order":0,"comment_status":"closed","ping_status":"closed","template":"","meta":{"_monsterinsights_skip_tracking":false,"_monsterinsights_sitenote_active":false,"_monsterinsights_sitenote_note":"","_monsterinsights_sitenote_category":0,"footnotes":""},"class_list":["post-71","page","type-page","status-publish","hentry"],"_links":{"self":[{"href":"https:\/\/pom.pt\/2016\/wp-json\/wp\/v2\/pages\/71","targetHints":{"allow":["GET"]}}],"collection":[{"href":"https:\/\/pom.pt\/2016\/wp-json\/wp\/v2\/pages"}],"about":[{"href":"https:\/\/pom.pt\/2016\/wp-json\/wp\/v2\/types\/page"}],"author":[{"embeddable":true,"href":"https:\/\/pom.pt\/2016\/wp-json\/wp\/v2\/users\/3"}],"replies":[{"embeddable":true,"href":"https:\/\/pom.pt\/2016\/wp-json\/wp\/v2\/comments?post=71"}],"version-history":[{"count":10,"href":"https:\/\/pom.pt\/2016\/wp-json\/wp\/v2\/pages\/71\/revisions"}],"predecessor-version":[{"id":1036,"href":"https:\/\/pom.pt\/2016\/wp-json\/wp\/v2\/pages\/71\/revisions\/1036"}],"wp:attachment":[{"href":"https:\/\/pom.pt\/2016\/wp-json\/wp\/v2\/media?parent=71"}],"curies":[{"name":"wp","href":"https:\/\/api.w.org\/{rel}","templated":true}]}}