{"id":69,"date":"2015-03-29T17:34:04","date_gmt":"2015-03-29T16:34:04","guid":{"rendered":"http:\/\/pom.pt\/2016\/en\/?page_id=69"},"modified":"2016-01-14T13:22:59","modified_gmt":"2016-01-14T13:22:59","slug":"dia-1-model-event","status":"publish","type":"page","link":"https:\/\/pom.pt\/2016\/dia-1-model-event\/","title":{"rendered":"Dia -1 &amp; 0 &#8211; Model Event 1 &#8211; Mata da C\u00e2mara"},"content":{"rendered":"<p>Os mapas para o Model Event devem ser reservados atrav\u00e9s do formul\u00e1rio de inscri\u00e7\u00e3o no POM no OriOasis por forma a garantir a disponibilidade do mapa. A organiza\u00e7\u00e3o ter\u00e1 mapas de model event para venda no Event Center mas num n\u00famero muito limitado.<\/p>\n<p><strong>Mapa:\u00a0<\/strong>Mata da C\u00e2mara (2015)<\/p>\n<p><strong>Cart\u00f3grafo:\u00a0<\/strong>Rui Antunes<\/p>\n<p><strong>Tra\u00e7adores de percursos:\u00a0<\/strong>Helder Ferreira<\/p>\n<p><strong>Escala do mapa:<\/strong> 1:10 000 &amp; 1:7 500<\/p>\n<p><strong>Equidist\u00e2ncia:\u00a0<\/strong>5m<\/p>\n<p><strong>Excertos dos mapa:<\/strong><\/p>\n<p><a href=\"http:\/\/pom.pt\/2016\/wp-content\/uploads\/2015\/03\/Mata-da-Camara-I.jpg\"><img loading=\"lazy\" decoding=\"async\" class=\"aligncenter wp-image-902 size-medium\" src=\"http:\/\/pom.pt\/2016\/wp-content\/uploads\/2015\/03\/Mata-da-Camara-I-300x209.jpg\" alt=\"Mata da Camara I\" width=\"300\" height=\"209\" srcset=\"https:\/\/pom.pt\/2016\/wp-content\/uploads\/2015\/03\/Mata-da-Camara-I-300x209.jpg 300w, https:\/\/pom.pt\/2016\/wp-content\/uploads\/2015\/03\/Mata-da-Camara-I.jpg 446w\" sizes=\"auto, (max-width: 300px) 100vw, 300px\" \/><\/a> <a href=\"http:\/\/pom.pt\/2016\/wp-content\/uploads\/2015\/03\/Mata-da-Camara-II.jpg\"><img loading=\"lazy\" decoding=\"async\" class=\"aligncenter wp-image-903 size-medium\" src=\"http:\/\/pom.pt\/2016\/wp-content\/uploads\/2015\/03\/Mata-da-Camara-II-300x209.jpg\" alt=\"Mata da Camara II\" width=\"300\" height=\"209\" srcset=\"https:\/\/pom.pt\/2016\/wp-content\/uploads\/2015\/03\/Mata-da-Camara-II-300x209.jpg 300w, https:\/\/pom.pt\/2016\/wp-content\/uploads\/2015\/03\/Mata-da-Camara-II.jpg 446w\" sizes=\"auto, (max-width: 300px) 100vw, 300px\" \/><\/a><\/p>\n<p><strong>Fotos:<\/strong><\/p>\n<p><a href=\"http:\/\/pom.pt\/2016\/wp-content\/uploads\/2015\/10\/Penamacor23-30MAR14-1466.jpg\"><img loading=\"lazy\" decoding=\"async\" class=\"size-full wp-image-732\" src=\"http:\/\/pom.pt\/2016\/wp-content\/uploads\/2015\/10\/Penamacor23-30MAR14-1466.jpg\" alt=\"SONY DSC\" width=\"4592\" height=\"3056\" srcset=\"https:\/\/pom.pt\/2016\/wp-content\/uploads\/2015\/10\/Penamacor23-30MAR14-1466.jpg 4592w, https:\/\/pom.pt\/2016\/wp-content\/uploads\/2015\/10\/Penamacor23-30MAR14-1466-300x200.jpg 300w, https:\/\/pom.pt\/2016\/wp-content\/uploads\/2015\/10\/Penamacor23-30MAR14-1466-1024x681.jpg 1024w\" sizes=\"auto, (max-width: 4592px) 100vw, 4592px\" \/><\/a><\/p>\n<p><a href=\"http:\/\/pom.pt\/2016\/wp-content\/uploads\/2015\/10\/Penamacor23-30MAR14-1459.jpg\"><img loading=\"lazy\" decoding=\"async\" class=\"size-full wp-image-731\" src=\"http:\/\/pom.pt\/2016\/wp-content\/uploads\/2015\/10\/Penamacor23-30MAR14-1459.jpg\" alt=\"SONY DSC\" width=\"4592\" height=\"3056\" srcset=\"https:\/\/pom.pt\/2016\/wp-content\/uploads\/2015\/10\/Penamacor23-30MAR14-1459.jpg 4592w, https:\/\/pom.pt\/2016\/wp-content\/uploads\/2015\/10\/Penamacor23-30MAR14-1459-300x200.jpg 300w, https:\/\/pom.pt\/2016\/wp-content\/uploads\/2015\/10\/Penamacor23-30MAR14-1459-1024x681.jpg 1024w\" sizes=\"auto, (max-width: 4592px) 100vw, 4592px\" \/><\/a><\/p>","protected":false},"excerpt":{"rendered":"<p>Os mapas para o Model Event devem ser reservados atrav\u00e9s do formul\u00e1rio de inscri\u00e7\u00e3o no POM no OriOasis por forma a garantir a disponibilidade do mapa. A organiza\u00e7\u00e3o ter\u00e1 mapas de model event para venda no Event Center mas num n\u00famero muito limitado. Mapa:\u00a0Mata da C\u00e2mara (2015) Cart\u00f3grafo:\u00a0Rui Antunes Tra\u00e7adores de percursos:\u00a0Helder Ferreira Escala do mapa: 1:10 000 &amp; 1:7 500 Equidist\u00e2ncia:\u00a05m Excertos dos mapa: Fotos:<\/p>\n","protected":false},"author":3,"featured_media":0,"parent":0,"menu_order":0,"comment_status":"closed","ping_status":"closed","template":"","meta":{"_monsterinsights_skip_tracking":false,"_monsterinsights_sitenote_active":false,"_monsterinsights_sitenote_note":"","_monsterinsights_sitenote_category":0,"footnotes":""},"class_list":["post-69","page","type-page","status-publish","hentry"],"_links":{"self":[{"href":"https:\/\/pom.pt\/2016\/wp-json\/wp\/v2\/pages\/69","targetHints":{"allow":["GET"]}}],"collection":[{"href":"https:\/\/pom.pt\/2016\/wp-json\/wp\/v2\/pages"}],"about":[{"href":"https:\/\/pom.pt\/2016\/wp-json\/wp\/v2\/types\/page"}],"author":[{"embeddable":true,"href":"https:\/\/pom.pt\/2016\/wp-json\/wp\/v2\/users\/3"}],"replies":[{"embeddable":true,"href":"https:\/\/pom.pt\/2016\/wp-json\/wp\/v2\/comments?post=69"}],"version-history":[{"count":13,"href":"https:\/\/pom.pt\/2016\/wp-json\/wp\/v2\/pages\/69\/revisions"}],"predecessor-version":[{"id":1035,"href":"https:\/\/pom.pt\/2016\/wp-json\/wp\/v2\/pages\/69\/revisions\/1035"}],"wp:attachment":[{"href":"https:\/\/pom.pt\/2016\/wp-json\/wp\/v2\/media?parent=69"}],"curies":[{"name":"wp","href":"https:\/\/api.w.org\/{rel}","templated":true}]}}