{"id":571,"date":"2015-08-08T12:06:00","date_gmt":"2015-08-08T11:06:00","guid":{"rendered":"http:\/\/pom.pt\/2016\/en\/?page_id=571"},"modified":"2015-12-11T06:12:38","modified_gmt":"2015-12-11T06:12:38","slug":"como-chegar","status":"publish","type":"page","link":"https:\/\/pom.pt\/2016\/como-chegar\/","title":{"rendered":"Como Chegar"},"content":{"rendered":"<p><\/p>\n<div><strong>Chegar por avi\u00e3o:<\/strong><\/div>\n<div>Aeroportos de maior dimens\u00e3o mais perto s\u00e3o:<\/div>\n<div><\/div>\n<div>Lisboa &#8211; Portugal (276km &#8211; 2h46 de carro) . Empresas: Aegean Air, Aer Lingus, Aeroflot, Aerom\u00e9xico, Aigle Azur, Air Canada, Air China, Air Europa, Air France, Air Malta, Air Moldova, Air New Zealand, Air Serbia, Air Transat, airBaltic, airberlin\/NIKI, Alitalia, American Airlines, ANA All Nippon Airways, Austrian Airlines, British Airways, Brussels Airlines, Bulgaria Air, Condor, Croatia Airlines, easyJet, El Al, Emirates, Estonian Air, Etihad, Flybe\/Loganair, Germanwings, Iberia, JAL Japan Airlines, KLM, LOT Polish Airlines, Lufthansa, Luxair, Malaysia Airlines, Meridiana Fly \/ Air Italy, Norwegian, Rossiya Airlines, Ryanair, S7, SAS Scandinavian Airlines, SATA International, STP Airways, Sun d&#8217;Or, Sunwing Airlines, Swiss\/Edelweiss, TACV Cabo Verde Airlines, TAP Portugal, ThomasCook (Belgium), Transaero, Transavia, Tunisair, Turkish Airlines, United Continental, US Airways, Virgin Atlantic, Vueling, WizzAir.<\/p>\n<p>Porto &#8211; Portugal (262km &#8211; 2h46 de carro). Empresas: Aigle Azur, Air Canada, Air Europa, Air France, Air New Zealand, Air Transat, airberlin\/NIKI, Alitalia, ANA All Nippon Airways, Austrian Airlines, British Airways, Brussels Airlines, Croatia Airlines, \u010cSA Czech Airlines, Delta, easyJet, Etihad, Flybe\/Loganair, Germanwings, Iberia, Icelandair, LOT Polish Airlines, Lufthansa, Luxair, Meridiana Fly \/ Air Italy, Ryanair, SATA International, South African Airways, Sunwing Airlines, Swiss\/Edelweiss, TAP Portugal, Transavia, TUIfly, Turkish Airlines, US Airways, Virgin Atlantic, Vueling<\/p>\n<p>Madrid &#8211; Espanha\u00a0(365km &#8211; 3h54 de carro). Empresas:\u00a0Aegean Air, Aer Lingus, Aeroflot, Aerol\u00edneas Argentinas, Aerom\u00e9xico, Air Canada, Air Cara\u00efbes, Air China, Air Europa, Air France, Air Malta, Air Moldova, Air Serbia, Air Transat, airBaltic, airberlin\/NIKI, Alitalia, American Airlines, ANA All Nippon Airways, Austrian Airlines, Avianca, BlueAir, British Airways, Brussels Airlines, Bulgaria Air, Cathay Pacific, CEIBA Intercontinental, China Eastern, Condor, Conviasa, Croatia Airlines, \u010cSA Czech Airlines, Cubana, Delta, easyJet, Egypt Air, El Al, Emirates, Estonian Air, Etihad, Etihad Regional (Darwin), Evelop Airlines, Flybe\/Loganair, Germanwings, GoodFly, Heli Air Monaco, Helitt, Hispania Airways, Iberia, Iberia Express, Icelandair, JAL Japan Airlines, Jet Airways\/JetKonnect, Kenya Airways, KLM, Korean Air, LAN, LOT Polish Airlines, Lufthansa, Luxair, Meridiana Fly \/ Air Italy, Norwegian, Olympic Air, Pegasus, Qantas, Qatar Airways, Ryanair, S7, SAS Scandinavian Airlines, SATA International, Saudi Arabian Airlines, SkyWork, SmartWings, Swiss\/Edelweiss, TAP Portugal, Tarom, Thai Airways, Transaero, Transavia, Tunisair, Turkish Airlines, United Continental, US Airways, Uzbekistan Airways, Virgin Atlantic, Vueling, WizzAir<\/p>\n<p>Sevilha &#8211; Espanha\u00a0(416km &#8211; 4h16 de car). Empresas:\u00a0Air Europa, Air France, airberlin\/NIKI, airblue, Alitalia, British Airways, Brussels Airlines, easyJet, Germanwings, Iberia, Iberia Express, Lufthansa, Ryanair, SATA International, SunExpress, TAP Portugal, Transavia, US Airways, Vueling<\/p>\n<p>Outros aeroportos mais pequenos:<\/p><\/div>\n<div>Badajoz &#8211; Espanha\u00a0(212km &#8211; 2h40 by car). Empresas:\u00a0Air Europa, Helitt, Iberia.<\/div>\n<div>Salamanca &#8211; Espanha\u00a0(185km &#8211; 2h20 by car). Empresas: Air Nostrum \/ Iberia.<\/div>\n<div>Valladolid &#8211; Espanha\u00a0 (303km &#8211; 3h21 by car). Empresas: Iberia, Ryanair, Vueling.<\/p>\n<p><b>Chegar de autocarro:<\/b><\/div>\n<div><\/div>\n<div><span style=\"text-decoration: underline;\">Liga\u00e7\u00e3o Lisboa \/ Penamacor<\/span><\/div>\n<div>(ver\u00a0VIUVA MONTEIRO <a href=\"http:\/\/www.viuvamonteiro.pt\/\" target=\"_blank\">http:\/\/www.viuvamonteiro.pt\/<\/a>)<\/div>\n<div><\/div>\n<div>Hor\u00e1rios:<\/div>\n<div><\/div>\n<div>Penamacor-Lisboa<\/div>\n<div>Quarta-Feira: 9:34<\/div>\n<div>Sexta-Feira: 9:34<\/div>\n<div>Domingo: 18:34<\/div>\n<div><\/div>\n<div>Lisboa-Penamacor<\/div>\n<div>Segunda-Feira: 16:00<\/div>\n<div>Quarta-Feira: 16:00<\/div>\n<div>Sexta-Feira: 18:00<\/div>\n<div><\/div>\n<div>Embarque em Lisboa:\u00a0Gare Oriente &#8211; Cais 33D<\/div>\n<div>Pe\u00e7o: 16,00 \u20ac<\/p>\n<p><u>Liga\u00e7\u00f5es Porto &#8211; Castelo Branco &#8211; Penamacor<\/u><\/div>\n<div>A partir do Porto dever\u00e1 fazer liga\u00e7\u00e3o com Castelo Branco, a cidade de maior dimens\u00e3o mais perto de Penamacor.<\/p>\n<p><u>Liga\u00e7\u00f5es\u00a0Castelo Branco &#8211; Penamacor (Transdev &#8211; <a href=\"http:\/\/www.transdev.pt\/\" target=\"_blank\">http:\/\/www.transdev.pt\/<\/a>)<\/u><\/div>\n<div><\/div>\n<div>Hor\u00e1rios:<\/div>\n<div><\/div>\n<div>Penamacor &#8211; Castelo Branco<\/div>\n<div>Segunda a Sexta-Feira: 6:18, 11:38<\/div>\n<div>S\u00e1bado: 6:18<\/div>\n<div>Domingo: 14:40<\/div>\n<div><\/div>\n<div>Castelo Branco &#8211; Penamacor<\/div>\n<div><\/div>\n<div>Segunda a Sexta-Feira: 12:25, 17:15<\/div>\n<div>S\u00e1bado: 12:25<\/div>\n<div>Domingo: 11:40<\/div>\n<div><\/div>\n<div><\/div>\n<div><u>Liga\u00e7\u00f5es\u00a0de autocarro Porto \/ Castelo Branco \u00a0<\/u><\/div>\n<div><a href=\"http:\/\/www.rede-expressos.pt\/\" target=\"_blank\">http:\/\/www.rede-expressos.pt\/<\/p>\n<p><\/a><strong>Liga\u00e7\u00f5es de autocarro a partir de outras cidades<\/strong><\/div>\n<p>Dever\u00e1 procurar liga\u00e7\u00f5es para Castelo Branco e de Castelo Braco para Penamacor consulte os hor\u00e1rios da empresa Transdev (ver em cima).<\/p>\n<p>&nbsp;<\/p>\n<p><strong>Chegar de carro:<\/strong><\/p>\n<p><strong>Penamacor:<\/strong><\/p>\n<p><a href=\"https:\/\/www.google.pt\/maps\/dir\/\/6090+Penamacor\/@40.1695531,-7.1774276,15z\/data=!4m13!1m4!3m3!1s0xd3d0955f6f2aa4f:0xc5229f42e359b717!2s6090+Penamacor!3b1!4m7!1m0!1m5!1m1!1s0xd3d0955f6f2aa4f:0xc5229f42e359b717!2m2!1d-7.1714925!2d40.169313\" target=\"_blank\"><img loading=\"lazy\" decoding=\"async\" class=\"aligncenter wp-image-673 size-full\" src=\"http:\/\/pom.pt\/2016\/wp-content\/uploads\/2015\/08\/Localiza\u00e7\u00e3o.jpg\" alt=\"Localiza\u00e7\u00e3o\" width=\"1536\" height=\"960\" srcset=\"https:\/\/pom.pt\/2016\/wp-content\/uploads\/2015\/08\/Localiza\u00e7\u00e3o.jpg 1536w, https:\/\/pom.pt\/2016\/wp-content\/uploads\/2015\/08\/Localiza\u00e7\u00e3o-300x188.jpg 300w, https:\/\/pom.pt\/2016\/wp-content\/uploads\/2015\/08\/Localiza\u00e7\u00e3o-1024x640.jpg 1024w\" sizes=\"auto, (max-width: 1536px) 100vw, 1536px\" \/><\/a><br \/>\n<strong>De Lisboa:<\/strong><br \/>\n<a href=\"http:\/\/pom.pt\/2016\/wp-content\/uploads\/2015\/08\/Lisboa.jpg\" target=\"_blank\"><img loading=\"lazy\" decoding=\"async\" class=\"aligncenter wp-image-568 size-full\" src=\"http:\/\/pom.pt\/2016\/wp-content\/uploads\/2015\/08\/Lisboa.jpg\" alt=\"Lisboa\" width=\"1202\" height=\"888\" \/><\/a><\/p>\n<p><strong>Do Porto:<\/strong><br \/>\n<a href=\"http:\/\/pom.pt\/2016\/wp-content\/uploads\/2015\/08\/Porto.jpg\" target=\"_blank\"><img loading=\"lazy\" decoding=\"async\" class=\"aligncenter wp-image-567 size-full\" src=\"http:\/\/pom.pt\/2016\/wp-content\/uploads\/2015\/08\/Porto.jpg\" alt=\"Porto\" width=\"1192\" height=\"895\" \/><\/a><\/p>\n<p><strong>De Coimbra:<\/strong><br \/>\n<a href=\"http:\/\/pom.pt\/2016\/wp-content\/uploads\/2015\/08\/Coimbra.jpg\" target=\"_blank\"><img loading=\"lazy\" decoding=\"async\" class=\"aligncenter wp-image-566 size-full\" src=\"http:\/\/pom.pt\/2016\/wp-content\/uploads\/2015\/08\/Coimbra.jpg\" alt=\"Coimbra\" width=\"1186\" height=\"897\" \/><\/a><\/p>\n<p><strong>De Faro:<\/strong><br \/>\n<a href=\"http:\/\/pom.pt\/2016\/wp-content\/uploads\/2015\/08\/Faro.jpg\" target=\"_blank\"><img loading=\"lazy\" decoding=\"async\" class=\"aligncenter wp-image-565 size-full\" src=\"http:\/\/pom.pt\/2016\/wp-content\/uploads\/2015\/08\/Faro.jpg\" alt=\"Faro\" width=\"1188\" height=\"895\" \/><\/a><\/p>\n<p><strong>De Madrid:<\/strong><br \/>\n<a href=\"http:\/\/pom.pt\/2016\/wp-content\/uploads\/2015\/08\/Madrid.jpg\" target=\"_blank\"><img loading=\"lazy\" decoding=\"async\" class=\"aligncenter wp-image-564 size-full\" src=\"http:\/\/pom.pt\/2016\/wp-content\/uploads\/2015\/08\/Madrid.jpg\" alt=\"Madrid\" width=\"1193\" height=\"896\" \/><\/a><\/p>\n<p><strong>De Sevilha:<\/strong><br \/>\n<a href=\"http:\/\/pom.pt\/2016\/wp-content\/uploads\/2015\/08\/Sevilha.jpg\" target=\"_blank\"><img loading=\"lazy\" decoding=\"async\" class=\"aligncenter wp-image-563 size-full\" src=\"http:\/\/pom.pt\/2016\/wp-content\/uploads\/2015\/08\/Sevilha.jpg\" alt=\"Sevilha\" width=\"1210\" height=\"896\" \/><\/a><\/p>\n<p><strong>De Vigo:<\/strong><br \/>\n<a href=\"http:\/\/pom.pt\/2016\/wp-content\/uploads\/2015\/08\/Vigo.jpg\"><img loading=\"lazy\" decoding=\"async\" class=\"aligncenter wp-image-562 size-full\" src=\"http:\/\/pom.pt\/2016\/wp-content\/uploads\/2015\/08\/Vigo.jpg\" alt=\"Vigo\" width=\"1181\" height=\"894\" \/><\/a><\/p>\n<p><strong>De Bilbao:<\/strong><br \/>\n<a href=\"http:\/\/pom.pt\/2016\/wp-content\/uploads\/2015\/08\/Bilbao.jpg\" target=\"_blank\"><img loading=\"lazy\" decoding=\"async\" class=\"aligncenter wp-image-561 size-full\" src=\"http:\/\/pom.pt\/2016\/wp-content\/uploads\/2015\/08\/Bilbao.jpg\" alt=\"Bilbao\" width=\"1176\" height=\"896\" srcset=\"https:\/\/pom.pt\/2016\/wp-content\/uploads\/2015\/08\/Bilbao.jpg 1176w, https:\/\/pom.pt\/2016\/wp-content\/uploads\/2015\/08\/Bilbao-300x229.jpg 300w, https:\/\/pom.pt\/2016\/wp-content\/uploads\/2015\/08\/Bilbao-1024x780.jpg 1024w\" sizes=\"auto, (max-width: 1176px) 100vw, 1176px\" \/><\/a><\/p>","protected":false},"excerpt":{"rendered":"<p>Chegar por avi\u00e3o: Aeroportos de maior dimens\u00e3o mais perto s\u00e3o: Lisboa &#8211; Portugal (276km &#8211; 2h46 de carro) . Empresas: Aegean Air, Aer Lingus, Aeroflot, Aerom\u00e9xico, Aigle Azur, Air Canada, Air China, Air Europa, Air France, Air Malta, Air Moldova, Air New Zealand, Air Serbia, Air Transat, airBaltic, airberlin\/NIKI, Alitalia, American Airlines, ANA All Nippon Airways, Austrian Airlines, British Airways, Brussels Airlines, Bulgaria Air, Condor, Croatia Airlines, easyJet, El Al, Emirates, Estonian Air, Etihad, Flybe\/Loganair, Germanwings, Iberia, JAL Japan Airlines, KLM, LOT Polish Airlines, Lufthansa, Luxair, Malaysia Airlines, Meridiana Fly \/ Air Italy, Norwegian, Rossiya Airlines, Ryanair, S7, SAS Scandinavian Airlines, SATA International, STP Airways, Sun d&#8217;Or, Sunwing Airlines, Swiss\/Edelweiss, &hellip; <a href=\"https:\/\/pom.pt\/2016\/como-chegar\/\" class=\"more-link\">Continuar a ler <span class=\"screen-reader-text\">Como Chegar<\/span><\/a><\/p>\n","protected":false},"author":3,"featured_media":0,"parent":0,"menu_order":0,"comment_status":"closed","ping_status":"closed","template":"","meta":{"_monsterinsights_skip_tracking":false,"_monsterinsights_sitenote_active":false,"_monsterinsights_sitenote_note":"","_monsterinsights_sitenote_category":0,"footnotes":""},"class_list":["post-571","page","type-page","status-publish","hentry"],"_links":{"self":[{"href":"https:\/\/pom.pt\/2016\/wp-json\/wp\/v2\/pages\/571","targetHints":{"allow":["GET"]}}],"collection":[{"href":"https:\/\/pom.pt\/2016\/wp-json\/wp\/v2\/pages"}],"about":[{"href":"https:\/\/pom.pt\/2016\/wp-json\/wp\/v2\/types\/page"}],"author":[{"embeddable":true,"href":"https:\/\/pom.pt\/2016\/wp-json\/wp\/v2\/users\/3"}],"replies":[{"embeddable":true,"href":"https:\/\/pom.pt\/2016\/wp-json\/wp\/v2\/comments?post=571"}],"version-history":[{"count":19,"href":"https:\/\/pom.pt\/2016\/wp-json\/wp\/v2\/pages\/571\/revisions"}],"predecessor-version":[{"id":915,"href":"https:\/\/pom.pt\/2016\/wp-json\/wp\/v2\/pages\/571\/revisions\/915"}],"wp:attachment":[{"href":"https:\/\/pom.pt\/2016\/wp-json\/wp\/v2\/media?parent=571"}],"curies":[{"name":"wp","href":"https:\/\/api.w.org\/{rel}","templated":true}]}}