{"id":415,"date":"2015-05-16T11:41:20","date_gmt":"2015-05-16T10:41:20","guid":{"rendered":"http:\/\/pom.pt\/2016\/en\/?page_id=415"},"modified":"2015-07-14T22:19:26","modified_gmt":"2015-07-14T21:19:26","slug":"distancia-media-wre","status":"publish","type":"page","link":"https:\/\/pom.pt\/2016\/distancia-media-wre\/","title":{"rendered":"Dist\u00e2ncia M\u00e9dia (Serrinha &#8211; Rach\u00e3)"},"content":{"rendered":"<p><a href=\"http:\/\/pom.pt\/2016\/wp-content\/uploads\/2015\/05\/Rach\u00e3-I.jpg\"><img loading=\"lazy\" decoding=\"async\" class=\"aligncenter size-full wp-image-419\" src=\"http:\/\/pom.pt\/2016\/wp-content\/uploads\/2015\/05\/Rach\u00e3-I.jpg\" alt=\"\" width=\"1837\" height=\"1223\" srcset=\"https:\/\/pom.pt\/2016\/wp-content\/uploads\/2015\/05\/Rach\u00e3-I.jpg 1837w, https:\/\/pom.pt\/2016\/wp-content\/uploads\/2015\/05\/Rach\u00e3-I-300x200.jpg 300w, https:\/\/pom.pt\/2016\/wp-content\/uploads\/2015\/05\/Rach\u00e3-I-1024x682.jpg 1024w\" sizes=\"auto, (max-width: 1837px) 100vw, 1837px\" \/><\/a> <a href=\"http:\/\/pom.pt\/2016\/wp-content\/uploads\/2015\/05\/Rach\u00e3-II.jpg\"><img loading=\"lazy\" decoding=\"async\" class=\"aligncenter size-full wp-image-420\" src=\"http:\/\/pom.pt\/2016\/wp-content\/uploads\/2015\/05\/Rach\u00e3-II.jpg\" alt=\"\" width=\"1837\" height=\"1223\" srcset=\"https:\/\/pom.pt\/2016\/wp-content\/uploads\/2015\/05\/Rach\u00e3-II.jpg 1837w, https:\/\/pom.pt\/2016\/wp-content\/uploads\/2015\/05\/Rach\u00e3-II-300x200.jpg 300w, https:\/\/pom.pt\/2016\/wp-content\/uploads\/2015\/05\/Rach\u00e3-II-1024x682.jpg 1024w\" sizes=\"auto, (max-width: 1837px) 100vw, 1837px\" \/><\/a> <a href=\"http:\/\/pom.pt\/2016\/wp-content\/uploads\/2015\/05\/Rach\u00e3-III.jpg\"><img loading=\"lazy\" decoding=\"async\" class=\"aligncenter size-full wp-image-421\" src=\"http:\/\/pom.pt\/2016\/wp-content\/uploads\/2015\/05\/Rach\u00e3-III.jpg\" alt=\"\" width=\"1837\" height=\"1223\" srcset=\"https:\/\/pom.pt\/2016\/wp-content\/uploads\/2015\/05\/Rach\u00e3-III.jpg 1837w, https:\/\/pom.pt\/2016\/wp-content\/uploads\/2015\/05\/Rach\u00e3-III-300x200.jpg 300w, https:\/\/pom.pt\/2016\/wp-content\/uploads\/2015\/05\/Rach\u00e3-III-1024x682.jpg 1024w\" sizes=\"auto, (max-width: 1837px) 100vw, 1837px\" \/><\/a> <a href=\"http:\/\/pom.pt\/2016\/wp-content\/uploads\/2015\/05\/Racnh\u00e3-X.jpg\"><img loading=\"lazy\" decoding=\"async\" class=\"aligncenter size-full wp-image-431\" src=\"http:\/\/pom.pt\/2016\/wp-content\/uploads\/2015\/05\/Racnh\u00e3-X.jpg\" alt=\"\" width=\"1818\" height=\"1364\" srcset=\"https:\/\/pom.pt\/2016\/wp-content\/uploads\/2015\/05\/Racnh\u00e3-X.jpg 1818w, https:\/\/pom.pt\/2016\/wp-content\/uploads\/2015\/05\/Racnh\u00e3-X-300x225.jpg 300w, https:\/\/pom.pt\/2016\/wp-content\/uploads\/2015\/05\/Racnh\u00e3-X-1024x768.jpg 1024w\" sizes=\"auto, (max-width: 1818px) 100vw, 1818px\" \/><\/a> <a href=\"http:\/\/pom.pt\/2016\/wp-content\/uploads\/2015\/05\/Rach\u00e3.jpg\"><img loading=\"lazy\" decoding=\"async\" class=\"aligncenter size-full wp-image-430\" src=\"http:\/\/pom.pt\/2016\/wp-content\/uploads\/2015\/05\/Rach\u00e3.jpg\" alt=\"\" width=\"1837\" height=\"1223\" srcset=\"https:\/\/pom.pt\/2016\/wp-content\/uploads\/2015\/05\/Rach\u00e3.jpg 1837w, https:\/\/pom.pt\/2016\/wp-content\/uploads\/2015\/05\/Rach\u00e3-300x200.jpg 300w, https:\/\/pom.pt\/2016\/wp-content\/uploads\/2015\/05\/Rach\u00e3-1024x682.jpg 1024w\" sizes=\"auto, (max-width: 1837px) 100vw, 1837px\" \/><\/a> <a href=\"http:\/\/pom.pt\/2016\/wp-content\/uploads\/2015\/05\/Rach\u00e3-XII.jpg\"><img loading=\"lazy\" decoding=\"async\" class=\"aligncenter size-full wp-image-429\" src=\"http:\/\/pom.pt\/2016\/wp-content\/uploads\/2015\/05\/Rach\u00e3-XII.jpg\" alt=\"\" width=\"1818\" height=\"1364\" srcset=\"https:\/\/pom.pt\/2016\/wp-content\/uploads\/2015\/05\/Rach\u00e3-XII.jpg 1818w, https:\/\/pom.pt\/2016\/wp-content\/uploads\/2015\/05\/Rach\u00e3-XII-300x225.jpg 300w, https:\/\/pom.pt\/2016\/wp-content\/uploads\/2015\/05\/Rach\u00e3-XII-1024x768.jpg 1024w\" sizes=\"auto, (max-width: 1818px) 100vw, 1818px\" \/><\/a> <a href=\"http:\/\/pom.pt\/2016\/wp-content\/uploads\/2015\/05\/Rach\u00e3-XI.jpg\"><img loading=\"lazy\" decoding=\"async\" class=\"aligncenter size-full wp-image-428\" src=\"http:\/\/pom.pt\/2016\/wp-content\/uploads\/2015\/05\/Rach\u00e3-XI.jpg\" alt=\"\" width=\"1818\" height=\"1364\" srcset=\"https:\/\/pom.pt\/2016\/wp-content\/uploads\/2015\/05\/Rach\u00e3-XI.jpg 1818w, https:\/\/pom.pt\/2016\/wp-content\/uploads\/2015\/05\/Rach\u00e3-XI-300x225.jpg 300w, https:\/\/pom.pt\/2016\/wp-content\/uploads\/2015\/05\/Rach\u00e3-XI-1024x768.jpg 1024w\" sizes=\"auto, (max-width: 1818px) 100vw, 1818px\" \/><\/a> <a href=\"http:\/\/pom.pt\/2016\/wp-content\/uploads\/2015\/05\/Rach\u00e3-VIII.jpg\"><img loading=\"lazy\" decoding=\"async\" class=\"aligncenter size-full wp-image-427\" src=\"http:\/\/pom.pt\/2016\/wp-content\/uploads\/2015\/05\/Rach\u00e3-VIII.jpg\" alt=\"\" width=\"1818\" height=\"1364\" srcset=\"https:\/\/pom.pt\/2016\/wp-content\/uploads\/2015\/05\/Rach\u00e3-VIII.jpg 1818w, https:\/\/pom.pt\/2016\/wp-content\/uploads\/2015\/05\/Rach\u00e3-VIII-300x225.jpg 300w, https:\/\/pom.pt\/2016\/wp-content\/uploads\/2015\/05\/Rach\u00e3-VIII-1024x768.jpg 1024w\" sizes=\"auto, (max-width: 1818px) 100vw, 1818px\" \/><\/a> <a href=\"http:\/\/pom.pt\/2016\/wp-content\/uploads\/2015\/05\/Rach\u00e3-VII.jpg\"><img loading=\"lazy\" decoding=\"async\" class=\"aligncenter size-full wp-image-426\" src=\"http:\/\/pom.pt\/2016\/wp-content\/uploads\/2015\/05\/Rach\u00e3-VII.jpg\" alt=\"\" width=\"1818\" height=\"1364\" srcset=\"https:\/\/pom.pt\/2016\/wp-content\/uploads\/2015\/05\/Rach\u00e3-VII.jpg 1818w, https:\/\/pom.pt\/2016\/wp-content\/uploads\/2015\/05\/Rach\u00e3-VII-300x225.jpg 300w, https:\/\/pom.pt\/2016\/wp-content\/uploads\/2015\/05\/Rach\u00e3-VII-1024x768.jpg 1024w\" sizes=\"auto, (max-width: 1818px) 100vw, 1818px\" \/><\/a> <a href=\"http:\/\/pom.pt\/2016\/wp-content\/uploads\/2015\/05\/Rach\u00e3-VI.jpg\"><img loading=\"lazy\" decoding=\"async\" class=\"aligncenter size-full wp-image-425\" src=\"http:\/\/pom.pt\/2016\/wp-content\/uploads\/2015\/05\/Rach\u00e3-VI.jpg\" alt=\"\" width=\"1837\" height=\"1223\" srcset=\"https:\/\/pom.pt\/2016\/wp-content\/uploads\/2015\/05\/Rach\u00e3-VI.jpg 1837w, https:\/\/pom.pt\/2016\/wp-content\/uploads\/2015\/05\/Rach\u00e3-VI-300x200.jpg 300w, https:\/\/pom.pt\/2016\/wp-content\/uploads\/2015\/05\/Rach\u00e3-VI-1024x682.jpg 1024w\" sizes=\"auto, (max-width: 1837px) 100vw, 1837px\" \/><\/a> <a href=\"http:\/\/pom.pt\/2016\/wp-content\/uploads\/2015\/05\/Rach\u00e3-V.jpg\"><img loading=\"lazy\" decoding=\"async\" class=\"aligncenter size-full wp-image-424\" src=\"http:\/\/pom.pt\/2016\/wp-content\/uploads\/2015\/05\/Rach\u00e3-V.jpg\" alt=\"\" width=\"1837\" height=\"1223\" srcset=\"https:\/\/pom.pt\/2016\/wp-content\/uploads\/2015\/05\/Rach\u00e3-V.jpg 1837w, https:\/\/pom.pt\/2016\/wp-content\/uploads\/2015\/05\/Rach\u00e3-V-300x200.jpg 300w, https:\/\/pom.pt\/2016\/wp-content\/uploads\/2015\/05\/Rach\u00e3-V-1024x682.jpg 1024w\" sizes=\"auto, (max-width: 1837px) 100vw, 1837px\" \/><\/a> <a href=\"http:\/\/pom.pt\/2016\/wp-content\/uploads\/2015\/05\/Rach\u00e3-IX.jpg\"><img loading=\"lazy\" decoding=\"async\" class=\"aligncenter size-full wp-image-423\" src=\"http:\/\/pom.pt\/2016\/wp-content\/uploads\/2015\/05\/Rach\u00e3-IX.jpg\" alt=\"\" width=\"1818\" height=\"1364\" srcset=\"https:\/\/pom.pt\/2016\/wp-content\/uploads\/2015\/05\/Rach\u00e3-IX.jpg 1818w, https:\/\/pom.pt\/2016\/wp-content\/uploads\/2015\/05\/Rach\u00e3-IX-300x225.jpg 300w, https:\/\/pom.pt\/2016\/wp-content\/uploads\/2015\/05\/Rach\u00e3-IX-1024x768.jpg 1024w\" sizes=\"auto, (max-width: 1818px) 100vw, 1818px\" \/><\/a> <a href=\"http:\/\/pom.pt\/2016\/wp-content\/uploads\/2015\/05\/Rach\u00e3-IV.jpg\"><img loading=\"lazy\" decoding=\"async\" class=\"aligncenter size-full wp-image-422\" src=\"http:\/\/pom.pt\/2016\/wp-content\/uploads\/2015\/05\/Rach\u00e3-IV.jpg\" alt=\"\" width=\"1837\" height=\"1223\" srcset=\"https:\/\/pom.pt\/2016\/wp-content\/uploads\/2015\/05\/Rach\u00e3-IV.jpg 1837w, https:\/\/pom.pt\/2016\/wp-content\/uploads\/2015\/05\/Rach\u00e3-IV-300x200.jpg 300w, https:\/\/pom.pt\/2016\/wp-content\/uploads\/2015\/05\/Rach\u00e3-IV-1024x682.jpg 1024w\" sizes=\"auto, (max-width: 1837px) 100vw, 1837px\" \/><\/a><\/p>","protected":false},"excerpt":{"rendered":"","protected":false},"author":3,"featured_media":0,"parent":0,"menu_order":0,"comment_status":"closed","ping_status":"closed","template":"","meta":{"_monsterinsights_skip_tracking":false,"_monsterinsights_sitenote_active":false,"_monsterinsights_sitenote_note":"","_monsterinsights_sitenote_category":0,"footnotes":""},"class_list":["post-415","page","type-page","status-publish","hentry"],"_links":{"self":[{"href":"https:\/\/pom.pt\/2016\/wp-json\/wp\/v2\/pages\/415","targetHints":{"allow":["GET"]}}],"collection":[{"href":"https:\/\/pom.pt\/2016\/wp-json\/wp\/v2\/pages"}],"about":[{"href":"https:\/\/pom.pt\/2016\/wp-json\/wp\/v2\/types\/page"}],"author":[{"embeddable":true,"href":"https:\/\/pom.pt\/2016\/wp-json\/wp\/v2\/users\/3"}],"replies":[{"embeddable":true,"href":"https:\/\/pom.pt\/2016\/wp-json\/wp\/v2\/comments?post=415"}],"version-history":[{"count":3,"href":"https:\/\/pom.pt\/2016\/wp-json\/wp\/v2\/pages\/415\/revisions"}],"predecessor-version":[{"id":514,"href":"https:\/\/pom.pt\/2016\/wp-json\/wp\/v2\/pages\/415\/revisions\/514"}],"wp:attachment":[{"href":"https:\/\/pom.pt\/2016\/wp-json\/wp\/v2\/media?parent=415"}],"curies":[{"name":"wp","href":"https:\/\/api.w.org\/{rel}","templated":true}]}}