{"id":4,"date":"2015-03-28T10:22:40","date_gmt":"2015-03-28T10:22:40","guid":{"rendered":"http:\/\/pom.pt\/2016\/?page_id=4"},"modified":"2016-02-04T08:45:56","modified_gmt":"2016-02-04T08:45:56","slug":"programa","status":"publish","type":"page","link":"https:\/\/pom.pt\/2016\/programa\/","title":{"rendered":"Programa"},"content":{"rendered":"<p><\/p>\n<h3><span lang=\"EN-GB\">18 de Janeiro (Segunda-feira):<\/span><\/h3>\n<p><span lang=\"EN-GB\">Final do 1\u00ba prazo para inscri\u00e7\u00f5es com pre\u00e7os vantajosos.<\/span><\/p>\n<h3><span lang=\"EN-GB\">25 de Janeiro (S\u00e1bado):<\/span><\/h3>\n<p><span lang=\"EN-GB\">Termino das inscri\u00e7\u00f5es em escal\u00f5es de competi\u00e7\u00e3o. Ap\u00f3s esta data apenas ser\u00e3o aceites inscri\u00e7\u00f5es nos escal\u00f5es abertos, at\u00e9 ao dia do evento, estando estas condicionadas \u00e0 exist\u00eancia de mapas<\/span><\/p>\n<h3><span lang=\"EN-GB\">4 de Fevereiro\u00a0(dia -1 \u2013 Quinta-feira):<\/span><\/h3>\n<p><span lang=\"EN-GB\">08h30 \u2013 Abertura do Secretariado \u2013<\/span>\u00a0Penamacor Event Centre<br \/>\n<strong>09h00 \u2013 Abertura dos Model Event<\/strong><br \/>\n<strong>\u00a0 \u00a0 \u00a0Model Event 1 &#8211; Mapa &#8220;Mata da C\u00e2mara&#8221;<\/strong><br \/>\n<strong>\u00a0 \u00a0 \u00a0Model Event 2 &#8211; Mapa &#8220;Ramalh\u00e3o&#8221;<\/strong><br \/>\n<strong>\u00a0 \u00a0 \u00a0Model Event 3 &#8211; Mapa &#8220;Benqueren\u00e7a&#8221; (Urban)<\/strong><br \/>\n<span lang=\"EN-GB\">16h00 \u2013 Abertura dos Solo Duro \u2013 Pavilh\u00e3o Municipal de Penamacor<\/span><br \/>\n17h30 \u2013 Fecho do Secretariado \u2013Penamacor Event Centre<\/p>\n<h3>5 de Fevereiro (dia 0 &#8211; Sexta-feira):<\/h3>\n<p>08h30 &#8211; Abertura do Secretariado &#8211; Penamacor Event Centre<br \/>\n<strong>09h00 &#8211; Abertura dos Model Event<\/strong><br \/>\n<strong>\u00a0 \u00a0 \u00a0Model Event 1 &#8211; Mapa &#8220;Mata da C\u00e2mara&#8221;<\/strong><br \/>\n<strong>\u00a0 \u00a0 \u00a0Model Event 2 &#8211; Mapa &#8220;Ramalh\u00e3o&#8221;<\/strong><br \/>\n<strong>\u00a0 \u00a0 \u00a0Model Event 3 &#8211; Mapa &#8220;Benqueren\u00e7a&#8221; (Urban)<\/strong><br \/>\n09h00 a 12h00 &#8211; Partidas do Warm-up Race&#8221;Anascer&#8221; (Open Race)<br \/>\n12h30 a 14h00 &#8211; Churrasco &#8211; (bilhete do churrasco \u00e9 o mapa do warm-up)<br \/>\n22h00 &#8211; Fecho do Secretariado &#8211; Penamacor Event Centre<\/p>\n<h3>6 de Fevereiro (dia 1 &#8211; S\u00e1bado):<\/h3>\n<p>08h30 &#8211; Abertura do Secretariado &#8211; Arena<br \/>\n<b>10h00 &#8211; Dist\u00e2ncia M\u00e9dia &#8211; Mapa &#8220;Mem\u00f3ria &#8211; Penamacor&#8221;<br \/>\n<\/b>10h15 \u00e0s 11h30 &#8211; Partida dos escal\u00f5es abertos e de forma\u00e7\u00e3o<br \/>\n17h00 &#8211; Abertura do Secretariado &#8211; Penamacor Arena<br \/>\n<b>18h30 &#8211; Urban Night Race &#8211; Penamacor<\/b><br \/>\n18h45 &#8211; Fecho de Secretariado &#8211; Penamacor Event Centre<br \/>\n18h45 \u00e0s 19h30 &#8211; Partida dos escal\u00f5es abertos e de forma\u00e7\u00e3o<\/p>\n<h3>7 de Fevereiro (dia 2 &#8211; Domingo):<\/h3>\n<p>08h00 &#8211; Abertura do Secretariado &#8211; Arena<br \/>\n<b>09h30 &#8211; Dist\u00e2ncia M\u00e9dia &#8211; Mapa &#8220;Serrinha &#8211; Rach\u00e3&#8221;<br \/>\n<\/b>09h45 \u00e0s 11h00 &#8211; Partidas dos escal\u00f5es abertos e de forma\u00e7\u00e3o<br \/>\n11h30 &#8211; Abertura do secretariado para apoio ao Invacare PreO<br \/>\n<b>12h30 &#8211; Invacare PreO &#8211; Mapa &#8220;Abelheira&#8221;<br \/>\n<\/b>17h00 &#8211; Abertura do Secretariado &#8211; Penamacor Event Centre<br \/>\n18h30 &#8211; Invacare PreO &#8211; Cerim\u00f3nia de entrega de pr\u00e9mios &#8211; Junta de freguesia de Benqueren\u00e7a<br \/>\n19h00 &#8211; Fecho do Secretariado &#8211; Penamacor Event Centre<\/p>\n<h3>8 de Fevereiro (dia 3 &#8211; Segunda):<\/h3>\n<p>08h00 &#8211; Abertura do Secretariado &#8211; Arena<br \/>\n<b>09h00 &#8211; Dist\u00e2ncia Longa WRE &#8211; Mapa &#8220;Serrinha&#8221;<br \/>\n<\/b>09h15 \u00e0s 10h30 &#8211; Partidas dos escal\u00f5es abertos e de forma\u00e7\u00e3o<br \/>\n15h00 &#8211; Dist\u00e2ncia Longa WRE e Urban Night Race &#8211; Cerim\u00f3nia de entrega de pr\u00e9mios<br \/>\n15h30 \u2013 Visita Hist\u00f3rica Guiada\u00a0&#8211; Vila de Penamacor<br \/>\n<b>19h00 &#8211; Jantar Oficial do POM 2016 &#8211; Penamacor &#8211; Palace Hotel Termas de S. Tiago<\/b><\/p>\n<h3>9 de Fevereiro (dia 4 &#8211; Ter\u00e7a-feira):<\/h3>\n<p>08h00 &#8211; Abertura do Secretariado &#8211; Arena<br \/>\n<b>09h00 &#8211; Primeira partida &#8211; Dist\u00e2ncia Longa\u00a0&#8211; Mapa &#8220;Serrinha &#8211; Dongalinho&#8221; <\/b><br \/>\n<b>09h30 &#8211; Partida do chasing start para os escal\u00f5es de Elite na arena<br \/>\n<\/b><b>10h30 &#8211; Mass Start para os restantes atletas dos escal\u00f5es de Elite<\/b><br \/>\n<b>11h00 &#8211; Partida do chasing start para os escal\u00f5es de Super Elite na arena<br \/>\n<b>12h00 &#8211; Mass Start para os restantes atletas dos escal\u00f5es de Super Elite<\/b><br \/>\n<\/b>09h15 \u00e0s 10h30 &#8211; Partidas dos escal\u00f5es abertos e de forma\u00e7\u00e3o<br \/>\n14h00 &#8211; POM2016 &#8211; Cerim\u00f3nia de entrega de pr\u00e9mios<br \/>\n16h00 \u2013 Fecho do solo duro<\/p>","protected":false},"excerpt":{"rendered":"<p>18 de Janeiro (Segunda-feira): Final do 1\u00ba prazo para inscri\u00e7\u00f5es com pre\u00e7os vantajosos. 25 de Janeiro (S\u00e1bado): Termino das inscri\u00e7\u00f5es em escal\u00f5es de competi\u00e7\u00e3o. Ap\u00f3s esta data apenas ser\u00e3o aceites inscri\u00e7\u00f5es nos escal\u00f5es abertos, at\u00e9 ao dia do evento, estando estas condicionadas \u00e0 exist\u00eancia de mapas 4 de Fevereiro\u00a0(dia -1 \u2013 Quinta-feira): 08h30 \u2013 Abertura do Secretariado \u2013\u00a0Penamacor Event Centre 09h00 \u2013 Abertura dos Model Event \u00a0 \u00a0 \u00a0Model Event 1 &#8211; Mapa &#8220;Mata da C\u00e2mara&#8221; \u00a0 \u00a0 \u00a0Model Event 2 &#8211; Mapa &#8220;Ramalh\u00e3o&#8221; \u00a0 \u00a0 \u00a0Model Event 3 &#8211; Mapa &#8220;Benqueren\u00e7a&#8221; (Urban) 16h00 \u2013 Abertura dos Solo Duro \u2013 Pavilh\u00e3o Municipal de Penamacor 17h30 \u2013 Fecho do Secretariado \u2013Penamacor &hellip; <a href=\"https:\/\/pom.pt\/2016\/programa\/\" class=\"more-link\">Continuar a ler <span class=\"screen-reader-text\">Programa<\/span><\/a><\/p>\n","protected":false},"author":1,"featured_media":0,"parent":0,"menu_order":0,"comment_status":"closed","ping_status":"closed","template":"","meta":{"_monsterinsights_skip_tracking":false,"_monsterinsights_sitenote_active":false,"_monsterinsights_sitenote_note":"","_monsterinsights_sitenote_category":0,"footnotes":""},"class_list":["post-4","page","type-page","status-publish","hentry"],"_links":{"self":[{"href":"https:\/\/pom.pt\/2016\/wp-json\/wp\/v2\/pages\/4","targetHints":{"allow":["GET"]}}],"collection":[{"href":"https:\/\/pom.pt\/2016\/wp-json\/wp\/v2\/pages"}],"about":[{"href":"https:\/\/pom.pt\/2016\/wp-json\/wp\/v2\/types\/page"}],"author":[{"embeddable":true,"href":"https:\/\/pom.pt\/2016\/wp-json\/wp\/v2\/users\/1"}],"replies":[{"embeddable":true,"href":"https:\/\/pom.pt\/2016\/wp-json\/wp\/v2\/comments?post=4"}],"version-history":[{"count":41,"href":"https:\/\/pom.pt\/2016\/wp-json\/wp\/v2\/pages\/4\/revisions"}],"predecessor-version":[{"id":1144,"href":"https:\/\/pom.pt\/2016\/wp-json\/wp\/v2\/pages\/4\/revisions\/1144"}],"wp:attachment":[{"href":"https:\/\/pom.pt\/2016\/wp-json\/wp\/v2\/media?parent=4"}],"curies":[{"name":"wp","href":"https:\/\/api.w.org\/{rel}","templated":true}]}}