{"id":250,"date":"2015-04-11T00:28:50","date_gmt":"2015-04-10T23:28:50","guid":{"rendered":"http:\/\/pom.pt\/2016\/en\/?page_id=250"},"modified":"2016-01-04T09:30:44","modified_gmt":"2016-01-04T09:30:44","slug":"descubra-penamacor","status":"publish","type":"page","link":"https:\/\/pom.pt\/2016\/descubra-penamacor\/","title":{"rendered":"Descubra Penamacor"},"content":{"rendered":"<p>Para descobrir mais sobre Penamacor clique nas imagens:<\/p>\n<p><a href=\"https:\/\/www.youtube.com\/watch?v=BC_G3bQXGjI\" target=\"_blank\"><img loading=\"lazy\" decoding=\"async\" class=\"aligncenter wp-image-456 size-full\" src=\"http:\/\/pom.pt\/2016\/wp-content\/uploads\/2015\/04\/PenamacorDesporto.jpg\" alt=\"PenamacorDesporto\" width=\"923\" height=\"505\" srcset=\"https:\/\/pom.pt\/2016\/wp-content\/uploads\/2015\/04\/PenamacorDesporto.jpg 923w, https:\/\/pom.pt\/2016\/wp-content\/uploads\/2015\/04\/PenamacorDesporto-300x164.jpg 300w\" sizes=\"auto, (max-width: 923px) 100vw, 923px\" \/><\/a><\/p>\n<p><a href=\"http:\/\/www.cm-penamacor.pt\/\" target=\"_blank\"><img loading=\"lazy\" decoding=\"async\" class=\"aligncenter wp-image-276 size-full\" src=\"http:\/\/pom.pt\/2016\/wp-content\/uploads\/2015\/04\/carta_concelho.jpg\" alt=\"carta_concelho\" width=\"900\" height=\"605\" srcset=\"https:\/\/pom.pt\/2016\/wp-content\/uploads\/2015\/04\/carta_concelho.jpg 900w, https:\/\/pom.pt\/2016\/wp-content\/uploads\/2015\/04\/carta_concelho-300x202.jpg 300w\" sizes=\"auto, (max-width: 900px) 100vw, 900px\" \/><\/a><\/p>\n<p><a href=\"https:\/\/www.facebook.com\/BeiraBaixaPT\/videos\/907504009289338\/\" target=\"_blank\"><img loading=\"lazy\" decoding=\"async\" class=\"aligncenter wp-image-281 size-full\" src=\"http:\/\/pom.pt\/2016\/wp-content\/uploads\/2015\/04\/Beira-Baixa.jpg\" alt=\"Beira Baixa\" width=\"792\" height=\"419\" srcset=\"https:\/\/pom.pt\/2016\/wp-content\/uploads\/2015\/04\/Beira-Baixa.jpg 792w, https:\/\/pom.pt\/2016\/wp-content\/uploads\/2015\/04\/Beira-Baixa-300x159.jpg 300w\" sizes=\"auto, (max-width: 792px) 100vw, 792px\" \/><\/a><\/p>\n<p><a href=\"http:\/\/www.visitcentrodeportugal.com.pt\/pt\/reserva-natural-da-serra-da-malcata\/\" target=\"_blank\"><img loading=\"lazy\" decoding=\"async\" class=\"aligncenter wp-image-344 size-full\" src=\"http:\/\/pom.pt\/2016\/wp-content\/uploads\/2015\/04\/serra-malcata-1-832x468.jpg\" alt=\"serra-malcata-1-832x468\" width=\"832\" height=\"468\" srcset=\"https:\/\/pom.pt\/2016\/wp-content\/uploads\/2015\/04\/serra-malcata-1-832x468.jpg 832w, https:\/\/pom.pt\/2016\/wp-content\/uploads\/2015\/04\/serra-malcata-1-832x468-300x169.jpg 300w\" sizes=\"auto, (max-width: 832px) 100vw, 832px\" \/><\/a><\/p>\n<p><a href=\"http:\/\/www.icnf.pt\/portal\/ap\/r-nat\/rnsm\/class-carac\" target=\"_blank\"><img loading=\"lazy\" decoding=\"async\" class=\"aligncenter wp-image-347 size-full\" src=\"http:\/\/pom.pt\/2016\/wp-content\/uploads\/2015\/04\/SerraMalcata1.jpg\" alt=\"SerraMalcata1\" width=\"710\" height=\"150\" srcset=\"https:\/\/pom.pt\/2016\/wp-content\/uploads\/2015\/04\/SerraMalcata1.jpg 710w, https:\/\/pom.pt\/2016\/wp-content\/uploads\/2015\/04\/SerraMalcata1-300x63.jpg 300w\" sizes=\"auto, (max-width: 710px) 100vw, 710px\" \/><\/a><\/p>\n<p><a href=\"http:\/\/areasprotegidas.icnf.pt\/lince\/\" target=\"_blank\"><img loading=\"lazy\" decoding=\"async\" class=\"aligncenter wp-image-349 size-full\" src=\"http:\/\/pom.pt\/2016\/wp-content\/uploads\/2015\/04\/lince1.jpg\" alt=\"lince1\" width=\"660\" height=\"442\" srcset=\"https:\/\/pom.pt\/2016\/wp-content\/uploads\/2015\/04\/lince1.jpg 660w, https:\/\/pom.pt\/2016\/wp-content\/uploads\/2015\/04\/lince1-300x201.jpg 300w\" sizes=\"auto, (max-width: 660px) 100vw, 660px\" \/><\/a><\/p>\n<p><a href=\"http:\/\/www.natural.pt\/portal\/pt\/AreaProtegida\/Item\/16\" target=\"_blank\"><img loading=\"lazy\" decoding=\"async\" class=\"aligncenter wp-image-351 size-full\" src=\"http:\/\/pom.pt\/2016\/wp-content\/uploads\/2015\/04\/SerraMalcata2.jpg\" alt=\"SerraMalcata2\" width=\"1376\" height=\"536\" srcset=\"https:\/\/pom.pt\/2016\/wp-content\/uploads\/2015\/04\/SerraMalcata2.jpg 1376w, https:\/\/pom.pt\/2016\/wp-content\/uploads\/2015\/04\/SerraMalcata2-300x117.jpg 300w, https:\/\/pom.pt\/2016\/wp-content\/uploads\/2015\/04\/SerraMalcata2-1024x399.jpg 1024w\" sizes=\"auto, (max-width: 1376px) 100vw, 1376px\" \/><\/a><\/p>\n<p><a href=\"https:\/\/www.youtube.com\/watch?v=JCJhqbwIozg&amp;index=7&amp;list=UUcOw5b43pn8snc9-guXymEg\" target=\"_blank\"><img loading=\"lazy\" decoding=\"async\" class=\"aligncenter wp-image-353 size-full\" src=\"http:\/\/pom.pt\/2016\/wp-content\/uploads\/2015\/04\/PortugalNatural.jpg\" alt=\"PortugalNatural\" width=\"1527\" height=\"686\" srcset=\"https:\/\/pom.pt\/2016\/wp-content\/uploads\/2015\/04\/PortugalNatural.jpg 1527w, https:\/\/pom.pt\/2016\/wp-content\/uploads\/2015\/04\/PortugalNatural-300x135.jpg 300w, https:\/\/pom.pt\/2016\/wp-content\/uploads\/2015\/04\/PortugalNatural-1024x460.jpg 1024w\" sizes=\"auto, (max-width: 1527px) 100vw, 1527px\" \/><\/a><\/p>\n<p><strong>Mais informa\u00e7\u00e3o em:<\/strong><\/p>\n<p>C\u00e2mara Municipal de Penamacor<br \/>\n<a href=\"http:\/\/www.cm-penamacor.pt\/cmp\/\" target=\"_blank\">http:\/\/www.cm-penamacor.pt\/cmp\/<\/a><\/p>\n<p>Centro Turismo Portugal<br \/>\n<a href=\"http:\/\/www.turismodocentro.pt\/\" target=\"_blank\">http:\/\/www.turismodocentro.pt\/<\/a><\/p>\n<p>ICNF &#8211; Institute of the Conservation of the Nature and Forest<br \/>\n<a href=\"http:\/\/www.icnf.pt\/\" target=\"_blank\">http:\/\/www.icnf.pt\/<br \/>\n<\/a>(neste website poder\u00e1 encontrar informa\u00e7\u00e3o sobre os parques nacionais, reservas naturais, \u00e1reas protegida, percursos pedestres e mais). Perto da \u00e1rea da competi\u00e7\u00e3o, na\u00a0Reserva Natural da Serra da Malcata (RNSM) poder\u00e1 encontrar o percurso pedestre <a href=\"http:\/\/www.icnf.pt\/portal\/turnatur\/visit-ap\/rn\/rnsm\/pr-sobr\">P2 do Sobreiral<\/a> e \u00a0<a href=\"http:\/\/www.icnf.pt\/portal\/turnatur\/visit-ap\/rn\/rnsm\/p3-salg\" target=\"_blank\">P3 do Salgueirinho<\/a>.<\/p>\n<p>Aqui poder\u00e1 descarregar o ficheiro <a href=\"http:\/\/www.pom.pt\/archive\/2016\/SERRA_DA_MALCATA.kmz\">KMZ Google Maps file<\/a>\u00a0com mais percursos.<\/p>\n<p>Instru\u00e7\u00f5es para ver os percursos no Google Maps vers\u00e3o web.<\/p>\n<ol>\n<li>Descarregar o ficheiro\u00a0<a href=\"http:\/\/www.pom.pt\/archive\/2016\/SERRA_DA_MALCATA.kmz\">KMZ Google Maps file<\/a><\/li>\n<li>Fazer login na sua Conta Google e ir a <a href=\"http:\/\/maps.google.com\/\" target=\"_blank\">http:\/\/maps.google.com<\/a><\/li>\n<li>Entrar em <em>Meus Mapas<\/em>\u00a0 <code>(dentro do menu no topo lateral esquerdo)<\/code><\/li>\n<li>Entrar em <em>Criar um novo mapa<\/em><\/li>\n<li>Adicionar um t\u00edtulo e descri\u00e7\u00e3o<\/li>\n<li>Pressionar em <em>Importar<\/em><\/li>\n<li><code><span style=\"font-family: 'Noto Serif', serif;\">Pressionar em <em>Escolher ficheiro e\u00a0<\/em><\/span><\/code>\u00a0escolher o ficheiro descarregado no primeiro passo<\/li>\n<\/ol>\n<p><\/p>","protected":false},"excerpt":{"rendered":"<p>Para descobrir mais sobre Penamacor clique nas imagens: Mais informa\u00e7\u00e3o em: C\u00e2mara Municipal de Penamacor http:\/\/www.cm-penamacor.pt\/cmp\/ Centro Turismo Portugal http:\/\/www.turismodocentro.pt\/ ICNF &#8211; Institute of the Conservation of the Nature and Forest http:\/\/www.icnf.pt\/ (neste website poder\u00e1 encontrar informa\u00e7\u00e3o sobre os parques nacionais, reservas naturais, \u00e1reas protegida, percursos pedestres e mais). Perto da \u00e1rea da competi\u00e7\u00e3o, na\u00a0Reserva Natural da Serra da Malcata (RNSM) poder\u00e1 encontrar o percurso pedestre P2 do Sobreiral e \u00a0P3 do Salgueirinho. Aqui poder\u00e1 descarregar o ficheiro KMZ Google Maps file\u00a0com mais percursos. Instru\u00e7\u00f5es para ver os percursos no Google Maps vers\u00e3o web. Descarregar o ficheiro\u00a0KMZ Google Maps file Fazer login na sua Conta Google e ir a http:\/\/maps.google.com &hellip; <a href=\"https:\/\/pom.pt\/2016\/descubra-penamacor\/\" class=\"more-link\">Continuar a ler <span class=\"screen-reader-text\">Descubra Penamacor<\/span><\/a><\/p>\n","protected":false},"author":3,"featured_media":0,"parent":0,"menu_order":0,"comment_status":"closed","ping_status":"closed","template":"","meta":{"_monsterinsights_skip_tracking":false,"_monsterinsights_sitenote_active":false,"_monsterinsights_sitenote_note":"","_monsterinsights_sitenote_category":0,"footnotes":""},"class_list":["post-250","page","type-page","status-publish","hentry"],"_links":{"self":[{"href":"https:\/\/pom.pt\/2016\/wp-json\/wp\/v2\/pages\/250","targetHints":{"allow":["GET"]}}],"collection":[{"href":"https:\/\/pom.pt\/2016\/wp-json\/wp\/v2\/pages"}],"about":[{"href":"https:\/\/pom.pt\/2016\/wp-json\/wp\/v2\/types\/page"}],"author":[{"embeddable":true,"href":"https:\/\/pom.pt\/2016\/wp-json\/wp\/v2\/users\/3"}],"replies":[{"embeddable":true,"href":"https:\/\/pom.pt\/2016\/wp-json\/wp\/v2\/comments?post=250"}],"version-history":[{"count":31,"href":"https:\/\/pom.pt\/2016\/wp-json\/wp\/v2\/pages\/250\/revisions"}],"predecessor-version":[{"id":995,"href":"https:\/\/pom.pt\/2016\/wp-json\/wp\/v2\/pages\/250\/revisions\/995"}],"wp:attachment":[{"href":"https:\/\/pom.pt\/2016\/wp-json\/wp\/v2\/media?parent=250"}],"curies":[{"name":"wp","href":"https:\/\/api.w.org\/{rel}","templated":true}]}}