{"id":207,"date":"2015-04-09T22:27:49","date_gmt":"2015-04-09T21:27:49","guid":{"rendered":"http:\/\/pom.pt\/2016\/en\/?page_id=207"},"modified":"2015-05-13T20:46:38","modified_gmt":"2015-05-13T19:46:38","slug":"boas-vindas","status":"publish","type":"page","link":"https:\/\/pom.pt\/2016\/boas-vindas\/","title":{"rendered":"Boas Vindas"},"content":{"rendered":"<p><\/p>\n<h4><span style=\"color: #ff0000\">Mensagem de Boas-Vindas do COC<\/span><\/h4>\n<p>Pela terceira vez no seu historial, o COC &#8211; Clube de Orienta\u00e7\u00e3o do Centro (Leiria)) organizar\u00e1 o Portugal \u201cO\u201d Meeting.<\/p>\n<p>Ap\u00f3s 2002 em Marinha Grande e 2010 em Quiaios\/Figueira da Foz, escolhemos Penamacor para o POM 2016. Este Concelho re\u00fane condi\u00e7\u00f5es naturais e paisag\u00edsticas para garantir um Portugal \u201cO\u201d Meeting de qualidade.<\/p>\n<p>O POM \u00e9 um evento de Orienta\u00e7\u00e3o Pedestre, integrado no Ranking Mundial da Federa\u00e7\u00e3o Internacional de Orienta\u00e7\u00e3o (IOF WRE) e no ranking da Ta\u00e7a de Portugal Vitalis de Orienta\u00e7\u00e3o Pedestre da Federa\u00e7\u00e3o Portuguesa de Orienta\u00e7\u00e3o, aberto a pessoas de qualquer idade, podendo participar nos escal\u00f5es de competi\u00e7\u00e3o ou nos escal\u00f5es extra competi\u00e7\u00e3o (abertos), individualmente ou em grupo.<\/p>\n<p>A classifica\u00e7\u00e3o final do POM ser\u00e1 obtida pela soma dos pontos das quatro etapas em todos os escal\u00f5es, excepto na Elite, cujo vencedor ser\u00e1 o primeiro atleta a cortar a linha de chegada na \u00faltima etapa.<\/p>\n<p>O COC vai empenhar-se na sua organiza\u00e7\u00e3o, de modo a proporcionar um evento de qualidade que satisfa\u00e7a a expectativa de todos quantos participem no POM 2016.<\/p>\n<p>A organiza\u00e7\u00e3o d\u00e1 as boas vindas a todos os participantes do POM2016!<\/p>\n<h4><span style=\"color: #ff0000\">Mensagem do Presidente de Penamacor<\/span><\/h4>\n<p>N\u00e3o \u00e9 por acaso que o PORTUGAL\u00a0 \u201cO\u201d MEETING 2016 vai acontecer em Penamacor.\u00a0As excelentes condi\u00e7\u00f5es que o nosso territ\u00f3rio oferece para a realiza\u00e7\u00e3o de um grande evento deste tipo fez com que, j\u00e1 l\u00e1 vai algum tempo, os respons\u00e1veis do Clube de Orienta\u00e7\u00e3o do Centro tivessem procurado\u00a0 no Munic\u00edpio o parceiro ideal para a levar a cabo a realiza\u00e7\u00e3o desta prestigiada prova internacional. Considerando a magnitude do evento, quer do ponto de vista do n\u00famero de participantes, quer, sobretudo, da sua qualidade, \u00a0como Presidente da C\u00e2mara n\u00e3o hesitei em embarcar nesta aventura, lado a lado com o COC, porque em Penamacor gostamos de desafios, diria at\u00e9 que necessitamos deles para, superando-os, crescermos n\u00e3o s\u00f3 desportivamente mas tamb\u00e9m em termos de compet\u00eancias organizativas e de desenvolvimento social e econ\u00f3mico.<br \/>\nPenamacor \u00e9 uma terra de gente hospitaleira, situada no centro interior de Portugal, longe do bul\u00edcio das grandes cidades, que conserva intactas algumas das tradi\u00e7\u00f5es ancestrais associadas ao mundo rural. As suas aldeias, notas coloridas na paisagem natural, ora montanhosa, ora espraiada na planura, preservam muito do pitoresco e encanto que o tempo e a hist\u00f3ria conferem aos lugares. A vila de Penamacor , com mais de oito s\u00e9culos de exist\u00eancia, \u00e9 quase t\u00e3o antiga quanto o pr\u00f3prio reino de Portugal. O seu castelo medieval e as suas igrejas, as suas ruelas e casario estendido pelas encostas parecem sa\u00eddos de um aut\u00eantico postal ilustrado.<br \/>\n\u00c9 aqui, neste fant\u00e1stico cen\u00e1rio, que receberemos o maior evento de orienta\u00e7\u00e3o realizado em Portugal , o POM, para o qual contamos com a presen\u00e7a de todos os amantes da modalidade.<\/p>\n<p>Ant\u00f3nio Lu\u00eds Beites Soares<\/p>\n<p>Presidente da C\u00e2mara Municipal de Penamacor<\/p>\n<p><img loading=\"lazy\" decoding=\"async\" class=\"alignleft wp-image-260 size-large\" src=\"http:\/\/pom.pt\/2016\/wp-content\/uploads\/2015\/04\/Presidente-Ant\u00f3nio-Lu\u00eds_1-1024x745.jpg\" alt=\"Presidente Ant\u00f3nio Lu\u00eds_1\" width=\"660\" height=\"480\" srcset=\"https:\/\/pom.pt\/2016\/wp-content\/uploads\/2015\/04\/Presidente-Ant\u00f3nio-Lu\u00eds_1-1024x745.jpg 1024w, https:\/\/pom.pt\/2016\/wp-content\/uploads\/2015\/04\/Presidente-Ant\u00f3nio-Lu\u00eds_1-300x218.jpg 300w, https:\/\/pom.pt\/2016\/wp-content\/uploads\/2015\/04\/Presidente-Ant\u00f3nio-Lu\u00eds_1.jpg 1028w\" sizes=\"auto, (max-width: 660px) 100vw, 660px\" \/><\/p>","protected":false},"excerpt":{"rendered":"<p>Mensagem de Boas-Vindas do COC Pela terceira vez no seu historial, o COC &#8211; Clube de Orienta\u00e7\u00e3o do Centro (Leiria)) organizar\u00e1 o Portugal \u201cO\u201d Meeting. Ap\u00f3s 2002 em Marinha Grande e 2010 em Quiaios\/Figueira da Foz, escolhemos Penamacor para o POM 2016. Este Concelho re\u00fane condi\u00e7\u00f5es naturais e paisag\u00edsticas para garantir um Portugal \u201cO\u201d Meeting de qualidade. O POM \u00e9 um evento de Orienta\u00e7\u00e3o Pedestre, integrado no Ranking Mundial da Federa\u00e7\u00e3o Internacional de Orienta\u00e7\u00e3o (IOF WRE) e no ranking da Ta\u00e7a de Portugal Vitalis de Orienta\u00e7\u00e3o Pedestre da Federa\u00e7\u00e3o Portuguesa de Orienta\u00e7\u00e3o, aberto a pessoas de qualquer idade, podendo participar nos escal\u00f5es de competi\u00e7\u00e3o ou nos escal\u00f5es extra competi\u00e7\u00e3o (abertos), &hellip; <a href=\"https:\/\/pom.pt\/2016\/boas-vindas\/\" class=\"more-link\">Continuar a ler <span class=\"screen-reader-text\">Boas Vindas<\/span><\/a><\/p>\n","protected":false},"author":3,"featured_media":0,"parent":0,"menu_order":0,"comment_status":"closed","ping_status":"closed","template":"","meta":{"_monsterinsights_skip_tracking":false,"_monsterinsights_sitenote_active":false,"_monsterinsights_sitenote_note":"","_monsterinsights_sitenote_category":0,"footnotes":""},"class_list":["post-207","page","type-page","status-publish","hentry"],"_links":{"self":[{"href":"https:\/\/pom.pt\/2016\/wp-json\/wp\/v2\/pages\/207","targetHints":{"allow":["GET"]}}],"collection":[{"href":"https:\/\/pom.pt\/2016\/wp-json\/wp\/v2\/pages"}],"about":[{"href":"https:\/\/pom.pt\/2016\/wp-json\/wp\/v2\/types\/page"}],"author":[{"embeddable":true,"href":"https:\/\/pom.pt\/2016\/wp-json\/wp\/v2\/users\/3"}],"replies":[{"embeddable":true,"href":"https:\/\/pom.pt\/2016\/wp-json\/wp\/v2\/comments?post=207"}],"version-history":[{"count":13,"href":"https:\/\/pom.pt\/2016\/wp-json\/wp\/v2\/pages\/207\/revisions"}],"predecessor-version":[{"id":211,"href":"https:\/\/pom.pt\/2016\/wp-json\/wp\/v2\/pages\/207\/revisions\/211"}],"wp:attachment":[{"href":"https:\/\/pom.pt\/2016\/wp-json\/wp\/v2\/media?parent=207"}],"curies":[{"name":"wp","href":"https:\/\/api.w.org\/{rel}","templated":true}]}}