{"id":149,"date":"2015-03-29T18:40:58","date_gmt":"2015-03-29T17:40:58","guid":{"rendered":"http:\/\/pom.pt\/2016\/en\/?page_id=149"},"modified":"2015-07-14T22:42:02","modified_gmt":"2015-07-14T21:42:02","slug":"info-tecnica","status":"publish","type":"page","link":"https:\/\/pom.pt\/2016\/info-tecnica\/","title":{"rendered":"Info T\u00e9cnica"},"content":{"rendered":"<p><a href=\"http:\/\/pom.pt\/2016\/wp-content\/uploads\/2015\/03\/Distances_01.jpg\"><img loading=\"lazy\" decoding=\"async\" class=\"aligncenter wp-image-484\" src=\"http:\/\/pom.pt\/2016\/wp-content\/uploads\/2015\/03\/Distances_01.jpg\" alt=\"Distances_01\" width=\"600\" height=\"1199\" srcset=\"https:\/\/pom.pt\/2016\/wp-content\/uploads\/2015\/03\/Distances_01.jpg 432w, https:\/\/pom.pt\/2016\/wp-content\/uploads\/2015\/03\/Distances_01-150x300.jpg 150w\" sizes=\"auto, (max-width: 600px) 100vw, 600px\" \/><\/a><\/p>\n<p>&nbsp;<\/p>\n<p>&nbsp;<\/p>\n<p style=\"text-align: center\">Mapa da Serrinha &#8211; Dist\u00e2ncia Longa (WRE)<\/p>\n<p><a href=\"http:\/\/pom.pt\/2016\/wp-content\/uploads\/2015\/06\/SerrinhaI.png\"><img loading=\"lazy\" decoding=\"async\" class=\"aligncenter size-medium wp-image-475\" src=\"http:\/\/pom.pt\/2016\/wp-content\/uploads\/2015\/06\/SerrinhaI-300x238.png\" alt=\"SerrinhaI\" width=\"300\" height=\"238\" srcset=\"https:\/\/pom.pt\/2016\/wp-content\/uploads\/2015\/06\/SerrinhaI-300x238.png 300w, https:\/\/pom.pt\/2016\/wp-content\/uploads\/2015\/06\/SerrinhaI.png 317w\" sizes=\"auto, (max-width: 300px) 100vw, 300px\" \/><\/a><\/p>\n<p><a href=\"http:\/\/pom.pt\/2016\/wp-content\/uploads\/2015\/06\/SerrinhaIII.png\"><img loading=\"lazy\" decoding=\"async\" class=\"aligncenter wp-image-477 size-medium\" src=\"http:\/\/pom.pt\/2016\/wp-content\/uploads\/2015\/06\/SerrinhaIII-300x207.png\" alt=\"SerrinhaIII\" width=\"300\" height=\"207\" srcset=\"https:\/\/pom.pt\/2016\/wp-content\/uploads\/2015\/06\/SerrinhaIII-300x207.png 300w, https:\/\/pom.pt\/2016\/wp-content\/uploads\/2015\/06\/SerrinhaIII.png 358w\" sizes=\"auto, (max-width: 300px) 100vw, 300px\" \/><\/a><\/p>\n<p>&nbsp;<\/p>\n<p>&nbsp;<\/p>\n<p style=\"text-align: center\">Mapa da Rach\u00e3 &#8211; Dist\u00e2ncia M\u00e9dia<\/p>\n<p style=\"text-align: center\"><a href=\"http:\/\/pom.pt\/2016\/wp-content\/uploads\/2015\/03\/Rach\u00e3_Middle-Distance.jpg\"><img loading=\"lazy\" decoding=\"async\" class=\"aligncenter size-full wp-image-522\" src=\"http:\/\/pom.pt\/2016\/wp-content\/uploads\/2015\/03\/Rach\u00e3_Middle-Distance.jpg\" alt=\"Rach\u00e3_Middle Distance\" width=\"374\" height=\"180\" srcset=\"https:\/\/pom.pt\/2016\/wp-content\/uploads\/2015\/03\/Rach\u00e3_Middle-Distance.jpg 374w, https:\/\/pom.pt\/2016\/wp-content\/uploads\/2015\/03\/Rach\u00e3_Middle-Distance-300x144.jpg 300w\" sizes=\"auto, (max-width: 374px) 100vw, 374px\" \/><\/a><\/p>\n<p style=\"text-align: center\"><a href=\"http:\/\/pom.pt\/2016\/wp-content\/uploads\/2015\/03\/Rach\u00e3_Middle-DistanceIII.jpg\"><img loading=\"lazy\" decoding=\"async\" class=\"aligncenter size-full wp-image-524\" src=\"http:\/\/pom.pt\/2016\/wp-content\/uploads\/2015\/03\/Rach\u00e3_Middle-DistanceIII.jpg\" alt=\"Rach\u00e3_Middle DistanceIII\" width=\"233\" height=\"213\" \/><\/a><\/p>\n<p><\/p>","protected":false},"excerpt":{"rendered":"<p>&nbsp; &nbsp; Mapa da Serrinha &#8211; Dist\u00e2ncia Longa (WRE) &nbsp; &nbsp; Mapa da Rach\u00e3 &#8211; Dist\u00e2ncia M\u00e9dia<\/p>\n","protected":false},"author":3,"featured_media":0,"parent":0,"menu_order":0,"comment_status":"closed","ping_status":"closed","template":"","meta":{"_monsterinsights_skip_tracking":false,"_monsterinsights_sitenote_active":false,"_monsterinsights_sitenote_note":"","_monsterinsights_sitenote_category":0,"footnotes":""},"class_list":["post-149","page","type-page","status-publish","hentry"],"_links":{"self":[{"href":"https:\/\/pom.pt\/2016\/wp-json\/wp\/v2\/pages\/149","targetHints":{"allow":["GET"]}}],"collection":[{"href":"https:\/\/pom.pt\/2016\/wp-json\/wp\/v2\/pages"}],"about":[{"href":"https:\/\/pom.pt\/2016\/wp-json\/wp\/v2\/types\/page"}],"author":[{"embeddable":true,"href":"https:\/\/pom.pt\/2016\/wp-json\/wp\/v2\/users\/3"}],"replies":[{"embeddable":true,"href":"https:\/\/pom.pt\/2016\/wp-json\/wp\/v2\/comments?post=149"}],"version-history":[{"count":7,"href":"https:\/\/pom.pt\/2016\/wp-json\/wp\/v2\/pages\/149\/revisions"}],"predecessor-version":[{"id":526,"href":"https:\/\/pom.pt\/2016\/wp-json\/wp\/v2\/pages\/149\/revisions\/526"}],"wp:attachment":[{"href":"https:\/\/pom.pt\/2016\/wp-json\/wp\/v2\/media?parent=149"}],"curies":[{"name":"wp","href":"https:\/\/api.w.org\/{rel}","templated":true}]}}