{"id":147,"date":"2015-03-29T18:40:00","date_gmt":"2015-03-29T17:40:00","guid":{"rendered":"http:\/\/pom.pt\/2016\/en\/?page_id=147"},"modified":"2016-01-16T17:32:32","modified_gmt":"2016-01-16T17:32:32","slug":"info-geral","status":"publish","type":"page","link":"https:\/\/pom.pt\/2016\/info-geral\/","title":{"rendered":"Info Geral"},"content":{"rendered":"<p><strong><span style=\"color: #ff0000\">Arenas<\/span><\/strong><\/p>\n<p>&#8211; Nas arenas os atletas estar\u00e3o \u00e0 sua disposi\u00e7\u00e3o todas as infraestruturas necess\u00e1rias (secretariado, inform\u00e1tica, servi\u00e7o de bar, WC, babysitting, primeiros socorros, resultados, speaker, etc).<\/p>\n<p>&#8211; Nas arenas das provas de Urban Night Race e de Pre-O n\u00e3o existir\u00e1 servi\u00e7o de bar.<\/p>\n<p>&#8211; Se est\u00e1 a pensar recorrer ao servi\u00e7o babysitting, por favor assinale essa op\u00e7\u00e3o durante o processo de inscri\u00e7\u00e3o no Ori-Oasis.<\/p>\n<p><strong><span style=\"color: #ff0000\">Solo Duro<\/span><\/strong><\/p>\n<p>&#8211; Estar\u00e1 dispon\u00edvel um Solo Duro, no Pavilh\u00e3o Municipal de Penamacor<\/p>\n<p>&#8211; Abertura: 16h00 &#8211; 4 de\u00a0Fevereiro;<\/p>\n<p>&#8211; Fecho: 16h00 &#8211; 9 de\u00a0Fevereiro.<\/p>\n<p>&#8211; Alojamento em Solo Duro sujeito a pr\u00e9via inscri\u00e7\u00e3o no Ori-Oasis.<\/p>\n<p><strong><span style=\"color: #ff0000\">Banhos<\/span><\/strong><\/p>\n<p>&#8211; Os banhos ser\u00e3o no Solo Duro.<\/p>\n<p><strong><span style=\"color: #ff0000\">Model Event<\/span><\/strong><\/p>\n<p>&#8211; Os Model Events (evento modelo) ser\u00e3o nos seguintes mapas: Mata da C\u00e2mara \/ Anascer \/ Benqueren\u00e7a (Urbano);<\/p>\n<p>&#8211; Os mapas ser\u00e3o distribuidos durante a acredita\u00e7\u00e3o, que ser\u00e1 efectuada no Event Center (centro de evento) em Penamacor;<\/p>\n<p>&#8211; A participa\u00e7\u00e3o nos &#8220;Model Event&#8221; carece de pr\u00e9via inscri\u00e7\u00e3o no Ori-Oasis.<\/p>\n<p><strong><span style=\"color: #ff0000\">World Ranking Event (Candidate)<\/span><\/strong><\/p>\n<p>&#8211; A dist\u00e2ncia M\u00e9dia no dia 8 de Fevereiro (dia 3) contar\u00e1 para o Ranking Mundial (WRE);<\/p>\n<p>&#8211; Durante esta prova n\u00e3o ser\u00e1 permitido o uso de rel\u00f3gios GPS nos escal\u00f5es de Elite.<\/p>\n<p><strong><span style=\"color: #ff0000\">Escal\u00f5es de Elite<\/span><\/strong><\/p>\n<p>&#8211; Se o n\u00famero de inscri\u00e7\u00f5es nos escal\u00f5es de Elite se verificar excessivo para um \u00fanico percurso, a organiza\u00e7\u00e3o poder\u00e1 dividir esses escal\u00f5es em dois, Super Elite e Elite. No escal\u00e3o de Super Elite participar\u00e3o os atletas que tiverem melhor pontua\u00e7\u00e3o no Ranking da IOF divulgado \u00e0 data do fecho das inscri\u00e7\u00f5es (25 Janeiro 2016) e os restantes participar\u00e3o no escal\u00e3o de Elite.<\/p>\n<p>&#8211; No dia da terceira etapa do POM ambos os escal\u00f5es contam para o Ranking Mundial, tal como sugere a IOF.<\/p>\n<p><strong><span style=\"color: #ff0000\">Chasing start<\/span><\/strong><\/p>\n<p>&#8211; Na \u00faltima etapa, todos os escal\u00f5es de Elite (M21SE, M21E e W21E) partir\u00e3o em regime de Chasing Start, em plena Arena.<\/p>\n<p>&#8211; Os atletas que se encontrem a mais de uma hora da lideran\u00e7a ou que n\u00e3o tenham corrido uma das etapas de floresta partir\u00e3o em Mass Start, uma hora ap\u00f3s a partida do primeiro atleta.<\/p>\n<p>&#8211; O primeiro atleta a terminar a sua prova ser\u00e1 o vencedor do respectivo escal\u00e3o.<\/p>\n<p><strong><span style=\"color: #ff0000\">Peitoral POM2016<\/span><\/strong><\/p>\n<p>&#8211; Todos os atletas devem usar o peitoral oficial do POM2016, que ser\u00e1 entregue durante a acredita\u00e7\u00e3o.<\/p>\n<p>&#8211; Apenas ser\u00e1 permitida a partida de atletas com o peitoral correctamente colocado no seu equipamento.<\/p>\n<p>&#8211; O peitoral oficial ter\u00e1 impressa a seguinte informa\u00e7\u00e3o: n\u00famero, nome, n\u00famero do SIcard, escal\u00e3o, clube e pa\u00eds.<\/p>\n<p><strong><span style=\"color: #ff0000\">Mudan\u00e7as no n\u00famero do SIcard<\/span><\/strong><\/p>\n<p>&#8211; Quaisquer mudan\u00e7as no n\u00famero do SIcard devem ser efectuadas no Secretariado antes da partida. N\u00e3o ser\u00e1 permitida a partida de atletas com altera\u00e7\u00f5es n\u00e3o validades previamente no Secretariado.<\/p>\n<p><strong><span style=\"color: #ff0000\">Start times<\/span><\/strong><\/p>\n<p>&#8211; N\u00e3o ser\u00e1 permitida a mudan\u00e7a de horas de partida nos dias de competi\u00e7\u00e3o.<\/p>\n<p>&#8211; Em caso de constrangimentos relacionados com o hor\u00e1rio de partida (exemplo: necessidade de uma hora de partida mais cedo no \u00faltimo dia), por favor assinale-o durante o processo de inscri\u00e7\u00e3o.<\/p>\n<p>&#8211; Nos escal\u00f5es abertos e de forma\u00e7\u00e3o n\u00e3o existir\u00e3o horas de partida definidas. Os participantes destes escal\u00f5es t\u00eam uma janela de tempo na qual podem iniciar a sua participa\u00e7\u00e3o, recorrendo a uma esta\u00e7\u00e3o &#8220;START&#8221;, que guarda a hora de partida dos mesmos.<\/p>\n<p><strong><span style=\"color: #ff0000\">Tempo limite por prova<\/span><\/strong><\/p>\n<p>&#8211; O tempo limite para a realiza\u00e7\u00e3o dos percursos de dist\u00e2ncia longa \u00e9 de 3 horas, de dist\u00e2ncia m\u00e9dia \u00e9 de 2 horas e na Urban Night Race \u00e9 de 2 horas.<\/p>\n<p><strong><span style=\"color: #ff0000\">Fair Play<\/span><\/strong><\/p>\n<p>&#8211; No final de cada percurso os atletas podem manter o seu mapa, apelando-se ao Fair Play de todos no setido de manter os mapas\/percursos secretos para os atletas que ainda n\u00e3o efectuaram a sua prova.<\/p>\n<p><strong><span style=\"color: #ff0000\">Resultados<\/span><\/strong><\/p>\n<p>&#8211; O resultado final do Portugal &#8216;O&#8217; Meeting 2016 ir\u00e1 ser definido pela soma dos pontos obtidos ao longo das 4 etapas de floresta,\u00a0excepto nos escal\u00f5es de Elite, onde o vencedor do evento ser\u00e1 o primeiro atleta a terminar a \u00faltima etapa (Chasing Start).<\/p>\n<p>&#8211; Os eventos de Urban Night Race e PreO n\u00e3o contar\u00e3o para a classifica\u00e7\u00e3o geral do POM2016.<\/p>\n<p><strong><span style=\"color: #ff0000\">Pr\u00e9mios<\/span><\/strong><\/p>\n<p>&#8211; POM2016: Pr\u00e9mio para os 3 primeiros atletas de cada escal\u00e3o de competi\u00e7\u00e3o (5 primeiros atletas nos escal\u00f5es M21E, M21SE e W21E) e para os 3 melhores clubes. Todos os atletas dos escal\u00f5es de forma\u00e7\u00e3o (W\/M10 e W\/M12) ir\u00e3o receber uma lembran\u00e7a, independentemente da sua classifica\u00e7\u00e3o.<\/p>\n<p>&#8211; WRE: Pr\u00e9mios para os 5 primeiros atletas nos escal\u00f5es W21E e M21SE.<\/p>\n<p>&#8211; Urban Night Race: Pr\u00e9mios para os primeiros atletas de cada escal\u00e3o de competi\u00e7\u00e3o.<\/p>\n<p>&#8211; PreO: Pr\u00e9mios para os 3 primeiros atletas em cada escal\u00e3o.<\/p>\n<p><strong><span style=\"color: #ff0000\">Seguro desportivo<\/span><\/strong><\/p>\n<p>&#8211; Os atletas federados na FPO estar\u00e3o segurados pelo seguro da mesma.<\/p>\n<p>&#8211; Cidad\u00e3os portugueses e residentes em Portugal n\u00e3o federados na FPO tamb\u00e9m estar\u00e3o cobertos pelo seguro da FPO.<\/p>\n<p>&#8211; Participantes estrangeiros e\/ou n\u00e3o residentes em Portugal n\u00e3o est\u00e3o cobertos por qualquer seguro, sendo da sua responsabilidade garantir o seu pr\u00f3prio seguro.<\/p>\n<p><strong><span style=\"color: #ff0000\">Indica\u00e7\u00f5es de tr\u00e2nsito<\/span><\/strong><\/p>\n<p>&#8211; A Organiza\u00e7\u00e3o ir\u00e1 efectuar indica\u00e7\u00f5es de tr\u00e2nsito recorrendo ao uso de setas de cor laranja e branca.<\/p>\n<p>&#8211; Por favor siga as instru\u00e7\u00f5es dadas pela Organiza\u00e7\u00e3o, quer para efeitos de estacionamento ou de condu\u00e7\u00e3o.<\/p>\n<p><strong><span style=\"color: #ff0000\">Regras<\/span><\/strong><\/p>\n<p>&#8211; A competi\u00e7\u00e3o rege-se pelo Regulamento de Competi\u00e7\u00f5es da FPO em vigor. Perante qualquer caso omisso no regulamento da FPO ser\u00e1 aplicado o regulamento da IOF.<\/p>","protected":false},"excerpt":{"rendered":"<p>Arenas &#8211; Nas arenas os atletas estar\u00e3o \u00e0 sua disposi\u00e7\u00e3o todas as infraestruturas necess\u00e1rias (secretariado, inform\u00e1tica, servi\u00e7o de bar, WC, babysitting, primeiros socorros, resultados, speaker, etc). &#8211; Nas arenas das provas de Urban Night Race e de Pre-O n\u00e3o existir\u00e1 servi\u00e7o de bar. &#8211; Se est\u00e1 a pensar recorrer ao servi\u00e7o babysitting, por favor assinale essa op\u00e7\u00e3o durante o processo de inscri\u00e7\u00e3o no Ori-Oasis. Solo Duro &#8211; Estar\u00e1 dispon\u00edvel um Solo Duro, no Pavilh\u00e3o Municipal de Penamacor &#8211; Abertura: 16h00 &#8211; 4 de\u00a0Fevereiro; &#8211; Fecho: 16h00 &#8211; 9 de\u00a0Fevereiro. &#8211; Alojamento em Solo Duro sujeito a pr\u00e9via inscri\u00e7\u00e3o no Ori-Oasis. Banhos &#8211; Os banhos ser\u00e3o no Solo Duro. Model Event &hellip; <a href=\"https:\/\/pom.pt\/2016\/info-geral\/\" class=\"more-link\">Continuar a ler <span class=\"screen-reader-text\">Info Geral<\/span><\/a><\/p>\n","protected":false},"author":3,"featured_media":0,"parent":0,"menu_order":0,"comment_status":"closed","ping_status":"closed","template":"","meta":{"_monsterinsights_skip_tracking":false,"_monsterinsights_sitenote_active":false,"_monsterinsights_sitenote_note":"","_monsterinsights_sitenote_category":0,"footnotes":""},"class_list":["post-147","page","type-page","status-publish","hentry"],"_links":{"self":[{"href":"https:\/\/pom.pt\/2016\/wp-json\/wp\/v2\/pages\/147","targetHints":{"allow":["GET"]}}],"collection":[{"href":"https:\/\/pom.pt\/2016\/wp-json\/wp\/v2\/pages"}],"about":[{"href":"https:\/\/pom.pt\/2016\/wp-json\/wp\/v2\/types\/page"}],"author":[{"embeddable":true,"href":"https:\/\/pom.pt\/2016\/wp-json\/wp\/v2\/users\/3"}],"replies":[{"embeddable":true,"href":"https:\/\/pom.pt\/2016\/wp-json\/wp\/v2\/comments?post=147"}],"version-history":[{"count":26,"href":"https:\/\/pom.pt\/2016\/wp-json\/wp\/v2\/pages\/147\/revisions"}],"predecessor-version":[{"id":1046,"href":"https:\/\/pom.pt\/2016\/wp-json\/wp\/v2\/pages\/147\/revisions\/1046"}],"wp:attachment":[{"href":"https:\/\/pom.pt\/2016\/wp-json\/wp\/v2\/media?parent=147"}],"curies":[{"name":"wp","href":"https:\/\/api.w.org\/{rel}","templated":true}]}}