{"id":1415,"date":"2016-02-08T18:19:08","date_gmt":"2016-02-08T18:19:08","guid":{"rendered":"http:\/\/pom.pt\/2016\/?page_id=1415"},"modified":"2016-02-08T18:40:59","modified_gmt":"2016-02-08T18:40:59","slug":"dia-3-serrinha-maps","status":"publish","type":"page","link":"https:\/\/pom.pt\/2016\/dia-3-serrinha-maps\/","title":{"rendered":"Dia 3 &#8211; Serrinha &#8211; Maps"},"content":{"rendered":"<p><a href=\"http:\/\/pom.pt\/archive\/2016\/maps\/day3\/\" target=\"_blank\">08\/Fev &#8211; Dist\u00e2ncia Longa &#8211; Serrinha (download com melhor resolu\u00e7\u00e3o)<\/a><\/p>\n<p><a href=\"http:\/\/pom.pt\/2016\/wp-content\/uploads\/2016\/02\/WE-3.jpg\" target=\"_blank\"><img loading=\"lazy\" decoding=\"async\" class=\"alignleft wp-image-1414 size-medium\" src=\"http:\/\/pom.pt\/2016\/wp-content\/uploads\/2016\/02\/WE-3-300x208.jpg\" alt=\"WE\" width=\"300\" height=\"208\" srcset=\"https:\/\/pom.pt\/2016\/wp-content\/uploads\/2016\/02\/WE-3-300x208.jpg 300w, https:\/\/pom.pt\/2016\/wp-content\/uploads\/2016\/02\/WE-3-768x534.jpg 768w, https:\/\/pom.pt\/2016\/wp-content\/uploads\/2016\/02\/WE-3-1024x712.jpg 1024w\" sizes=\"auto, (max-width: 300px) 100vw, 300px\" \/><\/a> <a href=\"http:\/\/pom.pt\/2016\/wp-content\/uploads\/2016\/02\/W60-2.jpg\" target=\"_blank\"><img loading=\"lazy\" decoding=\"async\" class=\"alignleft wp-image-1413 size-medium\" src=\"http:\/\/pom.pt\/2016\/wp-content\/uploads\/2016\/02\/W60-2-300x244.jpg\" alt=\"W60\" width=\"300\" height=\"244\" srcset=\"https:\/\/pom.pt\/2016\/wp-content\/uploads\/2016\/02\/W60-2-300x244.jpg 300w, https:\/\/pom.pt\/2016\/wp-content\/uploads\/2016\/02\/W60-2-768x625.jpg 768w, https:\/\/pom.pt\/2016\/wp-content\/uploads\/2016\/02\/W60-2-1024x833.jpg 1024w\" sizes=\"auto, (max-width: 300px) 100vw, 300px\" \/><\/a> <a href=\"http:\/\/pom.pt\/2016\/wp-content\/uploads\/2016\/02\/W55-Difficult-Short.jpg\" target=\"_blank\"><img loading=\"lazy\" decoding=\"async\" class=\"alignleft wp-image-1412 size-medium\" src=\"http:\/\/pom.pt\/2016\/wp-content\/uploads\/2016\/02\/W55-Difficult-Short-300x244.jpg\" alt=\"W55, Difficult Short\" width=\"300\" height=\"244\" srcset=\"https:\/\/pom.pt\/2016\/wp-content\/uploads\/2016\/02\/W55-Difficult-Short-300x244.jpg 300w, https:\/\/pom.pt\/2016\/wp-content\/uploads\/2016\/02\/W55-Difficult-Short-768x625.jpg 768w, https:\/\/pom.pt\/2016\/wp-content\/uploads\/2016\/02\/W55-Difficult-Short-1024x833.jpg 1024w\" sizes=\"auto, (max-width: 300px) 100vw, 300px\" \/><\/a> <a href=\"http:\/\/pom.pt\/2016\/wp-content\/uploads\/2016\/02\/W50-2.jpg\" target=\"_blank\"><img loading=\"lazy\" decoding=\"async\" class=\"alignleft wp-image-1411 size-medium\" src=\"http:\/\/pom.pt\/2016\/wp-content\/uploads\/2016\/02\/W50-2-300x244.jpg\" alt=\"W50\" width=\"300\" height=\"244\" srcset=\"https:\/\/pom.pt\/2016\/wp-content\/uploads\/2016\/02\/W50-2-300x244.jpg 300w, https:\/\/pom.pt\/2016\/wp-content\/uploads\/2016\/02\/W50-2-768x625.jpg 768w, https:\/\/pom.pt\/2016\/wp-content\/uploads\/2016\/02\/W50-2-1024x833.jpg 1024w\" sizes=\"auto, (max-width: 300px) 100vw, 300px\" \/><\/a> <a href=\"http:\/\/pom.pt\/2016\/wp-content\/uploads\/2016\/02\/W45-2.jpg\" target=\"_blank\"><img loading=\"lazy\" decoding=\"async\" class=\"alignleft wp-image-1410 size-medium\" src=\"http:\/\/pom.pt\/2016\/wp-content\/uploads\/2016\/02\/W45-2-300x244.jpg\" alt=\"W45\" width=\"300\" height=\"244\" srcset=\"https:\/\/pom.pt\/2016\/wp-content\/uploads\/2016\/02\/W45-2-300x244.jpg 300w, https:\/\/pom.pt\/2016\/wp-content\/uploads\/2016\/02\/W45-2-768x625.jpg 768w, https:\/\/pom.pt\/2016\/wp-content\/uploads\/2016\/02\/W45-2-1024x833.jpg 1024w\" sizes=\"auto, (max-width: 300px) 100vw, 300px\" \/><\/a> <a href=\"http:\/\/pom.pt\/2016\/wp-content\/uploads\/2016\/02\/W35-W40-2.jpg\" target=\"_blank\"><img loading=\"lazy\" decoding=\"async\" class=\"alignleft wp-image-1409 size-medium\" src=\"http:\/\/pom.pt\/2016\/wp-content\/uploads\/2016\/02\/W35-W40-2-300x208.jpg\" alt=\"W35, W40\" width=\"300\" height=\"208\" srcset=\"https:\/\/pom.pt\/2016\/wp-content\/uploads\/2016\/02\/W35-W40-2-300x208.jpg 300w, https:\/\/pom.pt\/2016\/wp-content\/uploads\/2016\/02\/W35-W40-2-768x534.jpg 768w, https:\/\/pom.pt\/2016\/wp-content\/uploads\/2016\/02\/W35-W40-2-1024x712.jpg 1024w\" sizes=\"auto, (max-width: 300px) 100vw, 300px\" \/><\/a> <a href=\"http:\/\/pom.pt\/2016\/wp-content\/uploads\/2016\/02\/W21B-2.jpg\" target=\"_blank\"><img loading=\"lazy\" decoding=\"async\" class=\"alignleft wp-image-1408 size-medium\" src=\"http:\/\/pom.pt\/2016\/wp-content\/uploads\/2016\/02\/W21B-2-300x244.jpg\" alt=\"W21B\" width=\"300\" height=\"244\" srcset=\"https:\/\/pom.pt\/2016\/wp-content\/uploads\/2016\/02\/W21B-2-300x244.jpg 300w, https:\/\/pom.pt\/2016\/wp-content\/uploads\/2016\/02\/W21B-2-768x625.jpg 768w, https:\/\/pom.pt\/2016\/wp-content\/uploads\/2016\/02\/W21B-2-1024x833.jpg 1024w\" sizes=\"auto, (max-width: 300px) 100vw, 300px\" \/><\/a> <a href=\"http:\/\/pom.pt\/2016\/wp-content\/uploads\/2016\/02\/W21A.jpg\" target=\"_blank\"><img loading=\"lazy\" decoding=\"async\" class=\"alignleft wp-image-1407 size-medium\" src=\"http:\/\/pom.pt\/2016\/wp-content\/uploads\/2016\/02\/W21A-300x208.jpg\" alt=\"W21A\" width=\"300\" height=\"208\" srcset=\"https:\/\/pom.pt\/2016\/wp-content\/uploads\/2016\/02\/W21A-300x208.jpg 300w, https:\/\/pom.pt\/2016\/wp-content\/uploads\/2016\/02\/W21A-768x534.jpg 768w, https:\/\/pom.pt\/2016\/wp-content\/uploads\/2016\/02\/W21A-1024x712.jpg 1024w\" sizes=\"auto, (max-width: 300px) 100vw, 300px\" \/><\/a> <a href=\"http:\/\/pom.pt\/2016\/wp-content\/uploads\/2016\/02\/W20-2.jpg\" target=\"_blank\"><img loading=\"lazy\" decoding=\"async\" class=\"alignleft wp-image-1406 size-medium\" src=\"http:\/\/pom.pt\/2016\/wp-content\/uploads\/2016\/02\/W20-2-300x208.jpg\" alt=\"W20\" width=\"300\" height=\"208\" srcset=\"https:\/\/pom.pt\/2016\/wp-content\/uploads\/2016\/02\/W20-2-300x208.jpg 300w, https:\/\/pom.pt\/2016\/wp-content\/uploads\/2016\/02\/W20-2-768x534.jpg 768w, https:\/\/pom.pt\/2016\/wp-content\/uploads\/2016\/02\/W20-2-1024x712.jpg 1024w\" sizes=\"auto, (max-width: 300px) 100vw, 300px\" \/><\/a> <a href=\"http:\/\/pom.pt\/2016\/wp-content\/uploads\/2016\/02\/W18-2.jpg\" target=\"_blank\"><img loading=\"lazy\" decoding=\"async\" class=\"alignleft wp-image-1405 size-medium\" src=\"http:\/\/pom.pt\/2016\/wp-content\/uploads\/2016\/02\/W18-2-300x208.jpg\" alt=\"W18\" width=\"300\" height=\"208\" srcset=\"https:\/\/pom.pt\/2016\/wp-content\/uploads\/2016\/02\/W18-2-300x208.jpg 300w, https:\/\/pom.pt\/2016\/wp-content\/uploads\/2016\/02\/W18-2-768x534.jpg 768w, https:\/\/pom.pt\/2016\/wp-content\/uploads\/2016\/02\/W18-2-1024x712.jpg 1024w\" sizes=\"auto, (max-width: 300px) 100vw, 300px\" \/><\/a> <a href=\"http:\/\/pom.pt\/2016\/wp-content\/uploads\/2016\/02\/W16-2.jpg\" target=\"_blank\"><img loading=\"lazy\" decoding=\"async\" class=\"alignleft wp-image-1404 size-medium\" src=\"http:\/\/pom.pt\/2016\/wp-content\/uploads\/2016\/02\/W16-2-300x244.jpg\" alt=\"W16\" width=\"300\" height=\"244\" srcset=\"https:\/\/pom.pt\/2016\/wp-content\/uploads\/2016\/02\/W16-2-300x244.jpg 300w, https:\/\/pom.pt\/2016\/wp-content\/uploads\/2016\/02\/W16-2-768x625.jpg 768w, https:\/\/pom.pt\/2016\/wp-content\/uploads\/2016\/02\/W16-2-1024x833.jpg 1024w\" sizes=\"auto, (max-width: 300px) 100vw, 300px\" \/><\/a> <a href=\"http:\/\/pom.pt\/2016\/wp-content\/uploads\/2016\/02\/W14-2.jpg\" target=\"_blank\"><img loading=\"lazy\" decoding=\"async\" class=\"alignleft wp-image-1403 size-medium\" src=\"http:\/\/pom.pt\/2016\/wp-content\/uploads\/2016\/02\/W14-2-300x244.jpg\" alt=\"W14\" width=\"300\" height=\"244\" srcset=\"https:\/\/pom.pt\/2016\/wp-content\/uploads\/2016\/02\/W14-2-300x244.jpg 300w, https:\/\/pom.pt\/2016\/wp-content\/uploads\/2016\/02\/W14-2-768x625.jpg 768w, https:\/\/pom.pt\/2016\/wp-content\/uploads\/2016\/02\/W14-2-1024x833.jpg 1024w\" sizes=\"auto, (max-width: 300px) 100vw, 300px\" \/><\/a> <a href=\"http:\/\/pom.pt\/2016\/wp-content\/uploads\/2016\/02\/MSE-3.jpg\" target=\"_blank\"><img loading=\"lazy\" decoding=\"async\" class=\"alignleft wp-image-1402 size-medium\" src=\"http:\/\/pom.pt\/2016\/wp-content\/uploads\/2016\/02\/MSE-3-300x209.jpg\" alt=\"MSE\" width=\"300\" height=\"209\" srcset=\"https:\/\/pom.pt\/2016\/wp-content\/uploads\/2016\/02\/MSE-3-300x209.jpg 300w, https:\/\/pom.pt\/2016\/wp-content\/uploads\/2016\/02\/MSE-3-768x534.jpg 768w, https:\/\/pom.pt\/2016\/wp-content\/uploads\/2016\/02\/MSE-3-1024x712.jpg 1024w\" sizes=\"auto, (max-width: 300px) 100vw, 300px\" \/><\/a> <a href=\"http:\/\/pom.pt\/2016\/wp-content\/uploads\/2016\/02\/ME-3.jpg\" target=\"_blank\"><img loading=\"lazy\" decoding=\"async\" class=\"alignleft wp-image-1401 size-medium\" src=\"http:\/\/pom.pt\/2016\/wp-content\/uploads\/2016\/02\/ME-3-300x209.jpg\" alt=\"ME\" width=\"300\" height=\"209\" srcset=\"https:\/\/pom.pt\/2016\/wp-content\/uploads\/2016\/02\/ME-3-300x209.jpg 300w, https:\/\/pom.pt\/2016\/wp-content\/uploads\/2016\/02\/ME-3-768x534.jpg 768w, https:\/\/pom.pt\/2016\/wp-content\/uploads\/2016\/02\/ME-3-1024x712.jpg 1024w\" sizes=\"auto, (max-width: 300px) 100vw, 300px\" \/><\/a> <a href=\"http:\/\/pom.pt\/2016\/wp-content\/uploads\/2016\/02\/M85-W75-W80-2.jpg\" target=\"_blank\"><img loading=\"lazy\" decoding=\"async\" class=\"alignleft wp-image-1400 size-medium\" src=\"http:\/\/pom.pt\/2016\/wp-content\/uploads\/2016\/02\/M85-W75-W80-2-300x209.jpg\" alt=\"M85, W75, W80\" width=\"300\" height=\"209\" srcset=\"https:\/\/pom.pt\/2016\/wp-content\/uploads\/2016\/02\/M85-W75-W80-2-300x209.jpg 300w, https:\/\/pom.pt\/2016\/wp-content\/uploads\/2016\/02\/M85-W75-W80-2-768x535.jpg 768w, https:\/\/pom.pt\/2016\/wp-content\/uploads\/2016\/02\/M85-W75-W80-2-1024x713.jpg 1024w\" sizes=\"auto, (max-width: 300px) 100vw, 300px\" \/><\/a> <a href=\"http:\/\/pom.pt\/2016\/wp-content\/uploads\/2016\/02\/M80-W70-2.jpg\" target=\"_blank\"><img loading=\"lazy\" decoding=\"async\" class=\"alignleft wp-image-1399 size-medium\" src=\"http:\/\/pom.pt\/2016\/wp-content\/uploads\/2016\/02\/M80-W70-2-300x209.jpg\" alt=\"M80, W70\" width=\"300\" height=\"209\" srcset=\"https:\/\/pom.pt\/2016\/wp-content\/uploads\/2016\/02\/M80-W70-2-300x209.jpg 300w, https:\/\/pom.pt\/2016\/wp-content\/uploads\/2016\/02\/M80-W70-2-768x535.jpg 768w, https:\/\/pom.pt\/2016\/wp-content\/uploads\/2016\/02\/M80-W70-2-1024x713.jpg 1024w\" sizes=\"auto, (max-width: 300px) 100vw, 300px\" \/><\/a> <a href=\"http:\/\/pom.pt\/2016\/wp-content\/uploads\/2016\/02\/M75-W65-2.jpg\" target=\"_blank\"><img loading=\"lazy\" decoding=\"async\" class=\"alignleft wp-image-1398 size-medium\" src=\"http:\/\/pom.pt\/2016\/wp-content\/uploads\/2016\/02\/M75-W65-2-300x209.jpg\" alt=\"M75, W65\" width=\"300\" height=\"209\" srcset=\"https:\/\/pom.pt\/2016\/wp-content\/uploads\/2016\/02\/M75-W65-2-300x209.jpg 300w, https:\/\/pom.pt\/2016\/wp-content\/uploads\/2016\/02\/M75-W65-2-768x535.jpg 768w, https:\/\/pom.pt\/2016\/wp-content\/uploads\/2016\/02\/M75-W65-2-1024x713.jpg 1024w\" sizes=\"auto, (max-width: 300px) 100vw, 300px\" \/><\/a> <a href=\"http:\/\/pom.pt\/2016\/wp-content\/uploads\/2016\/02\/M70-2.jpg\" target=\"_blank\"><img loading=\"lazy\" decoding=\"async\" class=\"alignleft wp-image-1397 size-medium\" src=\"http:\/\/pom.pt\/2016\/wp-content\/uploads\/2016\/02\/M70-2-300x265.jpg\" alt=\"M70\" width=\"300\" height=\"265\" srcset=\"https:\/\/pom.pt\/2016\/wp-content\/uploads\/2016\/02\/M70-2-300x265.jpg 300w, https:\/\/pom.pt\/2016\/wp-content\/uploads\/2016\/02\/M70-2-768x677.jpg 768w, https:\/\/pom.pt\/2016\/wp-content\/uploads\/2016\/02\/M70-2-1024x903.jpg 1024w\" sizes=\"auto, (max-width: 300px) 100vw, 300px\" \/><\/a> <a href=\"http:\/\/pom.pt\/2016\/wp-content\/uploads\/2016\/02\/M65-2.jpg\" target=\"_blank\"><img loading=\"lazy\" decoding=\"async\" class=\"alignleft wp-image-1396 size-medium\" src=\"http:\/\/pom.pt\/2016\/wp-content\/uploads\/2016\/02\/M65-2-300x265.jpg\" alt=\"M65\" width=\"300\" height=\"265\" srcset=\"https:\/\/pom.pt\/2016\/wp-content\/uploads\/2016\/02\/M65-2-300x265.jpg 300w, https:\/\/pom.pt\/2016\/wp-content\/uploads\/2016\/02\/M65-2-768x677.jpg 768w, https:\/\/pom.pt\/2016\/wp-content\/uploads\/2016\/02\/M65-2-1024x903.jpg 1024w\" sizes=\"auto, (max-width: 300px) 100vw, 300px\" \/><\/a> <a href=\"http:\/\/pom.pt\/2016\/wp-content\/uploads\/2016\/02\/M60-2.jpg\" target=\"_blank\"><img loading=\"lazy\" decoding=\"async\" class=\"alignleft wp-image-1395 size-medium\" src=\"http:\/\/pom.pt\/2016\/wp-content\/uploads\/2016\/02\/M60-2-300x244.jpg\" alt=\"M60\" width=\"300\" height=\"244\" srcset=\"https:\/\/pom.pt\/2016\/wp-content\/uploads\/2016\/02\/M60-2-300x244.jpg 300w, https:\/\/pom.pt\/2016\/wp-content\/uploads\/2016\/02\/M60-2-768x625.jpg 768w, https:\/\/pom.pt\/2016\/wp-content\/uploads\/2016\/02\/M60-2-1024x833.jpg 1024w\" sizes=\"auto, (max-width: 300px) 100vw, 300px\" \/><\/a> <a href=\"http:\/\/pom.pt\/2016\/wp-content\/uploads\/2016\/02\/M55-Difficult-Long.jpg\" target=\"_blank\"><img loading=\"lazy\" decoding=\"async\" class=\"alignleft wp-image-1394 size-medium\" src=\"http:\/\/pom.pt\/2016\/wp-content\/uploads\/2016\/02\/M55-Difficult-Long-300x244.jpg\" alt=\"M55, Difficult Long\" width=\"300\" height=\"244\" srcset=\"https:\/\/pom.pt\/2016\/wp-content\/uploads\/2016\/02\/M55-Difficult-Long-300x244.jpg 300w, https:\/\/pom.pt\/2016\/wp-content\/uploads\/2016\/02\/M55-Difficult-Long-768x625.jpg 768w, https:\/\/pom.pt\/2016\/wp-content\/uploads\/2016\/02\/M55-Difficult-Long-1024x833.jpg 1024w\" sizes=\"auto, (max-width: 300px) 100vw, 300px\" \/><\/a> <a href=\"http:\/\/pom.pt\/2016\/wp-content\/uploads\/2016\/02\/M50-3.jpg\" target=\"_blank\"><img loading=\"lazy\" decoding=\"async\" class=\"alignleft wp-image-1393 size-medium\" src=\"http:\/\/pom.pt\/2016\/wp-content\/uploads\/2016\/02\/M50-3-300x244.jpg\" alt=\"M50\" width=\"300\" height=\"244\" srcset=\"https:\/\/pom.pt\/2016\/wp-content\/uploads\/2016\/02\/M50-3-300x244.jpg 300w, https:\/\/pom.pt\/2016\/wp-content\/uploads\/2016\/02\/M50-3-768x625.jpg 768w, https:\/\/pom.pt\/2016\/wp-content\/uploads\/2016\/02\/M50-3-1024x833.jpg 1024w\" sizes=\"auto, (max-width: 300px) 100vw, 300px\" \/><\/a> <a href=\"http:\/\/pom.pt\/2016\/wp-content\/uploads\/2016\/02\/M45-1.jpg\" target=\"_blank\"><img loading=\"lazy\" decoding=\"async\" class=\"alignleft wp-image-1392 size-medium\" src=\"http:\/\/pom.pt\/2016\/wp-content\/uploads\/2016\/02\/M45-1-300x244.jpg\" alt=\"M45\" width=\"300\" height=\"244\" srcset=\"https:\/\/pom.pt\/2016\/wp-content\/uploads\/2016\/02\/M45-1-300x244.jpg 300w, https:\/\/pom.pt\/2016\/wp-content\/uploads\/2016\/02\/M45-1-768x625.jpg 768w, https:\/\/pom.pt\/2016\/wp-content\/uploads\/2016\/02\/M45-1-1024x833.jpg 1024w\" sizes=\"auto, (max-width: 300px) 100vw, 300px\" \/><\/a> <a href=\"http:\/\/pom.pt\/2016\/wp-content\/uploads\/2016\/02\/M40-3.jpg\" target=\"_blank\"><img loading=\"lazy\" decoding=\"async\" class=\"alignleft wp-image-1391 size-medium\" src=\"http:\/\/pom.pt\/2016\/wp-content\/uploads\/2016\/02\/M40-3-300x208.jpg\" alt=\"M40\" width=\"300\" height=\"208\" srcset=\"https:\/\/pom.pt\/2016\/wp-content\/uploads\/2016\/02\/M40-3-300x208.jpg 300w, https:\/\/pom.pt\/2016\/wp-content\/uploads\/2016\/02\/M40-3-768x534.jpg 768w, https:\/\/pom.pt\/2016\/wp-content\/uploads\/2016\/02\/M40-3-1024x712.jpg 1024w\" sizes=\"auto, (max-width: 300px) 100vw, 300px\" \/><\/a> <a href=\"http:\/\/pom.pt\/2016\/wp-content\/uploads\/2016\/02\/M35-2.jpg\" target=\"_blank\"><img loading=\"lazy\" decoding=\"async\" class=\"alignleft wp-image-1390 size-medium\" src=\"http:\/\/pom.pt\/2016\/wp-content\/uploads\/2016\/02\/M35-2-300x208.jpg\" alt=\"M35\" width=\"300\" height=\"208\" srcset=\"https:\/\/pom.pt\/2016\/wp-content\/uploads\/2016\/02\/M35-2-300x208.jpg 300w, https:\/\/pom.pt\/2016\/wp-content\/uploads\/2016\/02\/M35-2-768x534.jpg 768w, https:\/\/pom.pt\/2016\/wp-content\/uploads\/2016\/02\/M35-2-1024x712.jpg 1024w\" sizes=\"auto, (max-width: 300px) 100vw, 300px\" \/><\/a> <a href=\"http:\/\/pom.pt\/2016\/wp-content\/uploads\/2016\/02\/M21B-2.jpg\" target=\"_blank\"><img loading=\"lazy\" decoding=\"async\" class=\"alignleft wp-image-1389 size-medium\" src=\"http:\/\/pom.pt\/2016\/wp-content\/uploads\/2016\/02\/M21B-2-300x244.jpg\" alt=\"M21B\" width=\"300\" height=\"244\" srcset=\"https:\/\/pom.pt\/2016\/wp-content\/uploads\/2016\/02\/M21B-2-300x244.jpg 300w, https:\/\/pom.pt\/2016\/wp-content\/uploads\/2016\/02\/M21B-2-768x625.jpg 768w, https:\/\/pom.pt\/2016\/wp-content\/uploads\/2016\/02\/M21B-2-1024x833.jpg 1024w\" sizes=\"auto, (max-width: 300px) 100vw, 300px\" \/><\/a> <a href=\"http:\/\/pom.pt\/2016\/wp-content\/uploads\/2016\/02\/M21A-2.jpg\" target=\"_blank\"><img loading=\"lazy\" decoding=\"async\" class=\"alignleft wp-image-1388 size-medium\" src=\"http:\/\/pom.pt\/2016\/wp-content\/uploads\/2016\/02\/M21A-2-300x208.jpg\" alt=\"M21A\" width=\"300\" height=\"208\" srcset=\"https:\/\/pom.pt\/2016\/wp-content\/uploads\/2016\/02\/M21A-2-300x208.jpg 300w, https:\/\/pom.pt\/2016\/wp-content\/uploads\/2016\/02\/M21A-2-768x534.jpg 768w, https:\/\/pom.pt\/2016\/wp-content\/uploads\/2016\/02\/M21A-2-1024x712.jpg 1024w\" sizes=\"auto, (max-width: 300px) 100vw, 300px\" \/><\/a> <a href=\"http:\/\/pom.pt\/2016\/wp-content\/uploads\/2016\/02\/M20-3.jpg\" target=\"_blank\"><img loading=\"lazy\" decoding=\"async\" class=\"alignleft wp-image-1387 size-medium\" src=\"http:\/\/pom.pt\/2016\/wp-content\/uploads\/2016\/02\/M20-3-300x208.jpg\" alt=\"M20\" width=\"300\" height=\"208\" srcset=\"https:\/\/pom.pt\/2016\/wp-content\/uploads\/2016\/02\/M20-3-300x208.jpg 300w, https:\/\/pom.pt\/2016\/wp-content\/uploads\/2016\/02\/M20-3-768x534.jpg 768w, https:\/\/pom.pt\/2016\/wp-content\/uploads\/2016\/02\/M20-3-1024x712.jpg 1024w\" sizes=\"auto, (max-width: 300px) 100vw, 300px\" \/><\/a> <a href=\"http:\/\/pom.pt\/2016\/wp-content\/uploads\/2016\/02\/M18-2.jpg\" target=\"_blank\"><img loading=\"lazy\" decoding=\"async\" class=\"alignleft wp-image-1386 size-medium\" src=\"http:\/\/pom.pt\/2016\/wp-content\/uploads\/2016\/02\/M18-2-300x208.jpg\" alt=\"M18\" width=\"300\" height=\"208\" srcset=\"https:\/\/pom.pt\/2016\/wp-content\/uploads\/2016\/02\/M18-2-300x208.jpg 300w, https:\/\/pom.pt\/2016\/wp-content\/uploads\/2016\/02\/M18-2-768x534.jpg 768w, https:\/\/pom.pt\/2016\/wp-content\/uploads\/2016\/02\/M18-2-1024x712.jpg 1024w\" sizes=\"auto, (max-width: 300px) 100vw, 300px\" \/><\/a> <a href=\"http:\/\/pom.pt\/2016\/wp-content\/uploads\/2016\/02\/M16-2.jpg\" target=\"_blank\"><img loading=\"lazy\" decoding=\"async\" class=\"alignleft wp-image-1385 size-medium\" src=\"http:\/\/pom.pt\/2016\/wp-content\/uploads\/2016\/02\/M16-2-300x244.jpg\" alt=\"M16\" width=\"300\" height=\"244\" srcset=\"https:\/\/pom.pt\/2016\/wp-content\/uploads\/2016\/02\/M16-2-300x244.jpg 300w, https:\/\/pom.pt\/2016\/wp-content\/uploads\/2016\/02\/M16-2-768x625.jpg 768w, https:\/\/pom.pt\/2016\/wp-content\/uploads\/2016\/02\/M16-2-1024x833.jpg 1024w\" sizes=\"auto, (max-width: 300px) 100vw, 300px\" \/><\/a> <a href=\"http:\/\/pom.pt\/2016\/wp-content\/uploads\/2016\/02\/M14-2.jpg\" target=\"_blank\"><img loading=\"lazy\" decoding=\"async\" class=\"alignleft wp-image-1384 size-medium\" src=\"http:\/\/pom.pt\/2016\/wp-content\/uploads\/2016\/02\/M14-2-300x244.jpg\" alt=\"M14\" width=\"300\" height=\"244\" srcset=\"https:\/\/pom.pt\/2016\/wp-content\/uploads\/2016\/02\/M14-2-300x244.jpg 300w, https:\/\/pom.pt\/2016\/wp-content\/uploads\/2016\/02\/M14-2-768x625.jpg 768w, https:\/\/pom.pt\/2016\/wp-content\/uploads\/2016\/02\/M14-2-1024x833.jpg 1024w\" sizes=\"auto, (max-width: 300px) 100vw, 300px\" \/><\/a> <a href=\"http:\/\/pom.pt\/2016\/wp-content\/uploads\/2016\/02\/M12-W12-Easy-Short.jpg\" target=\"_blank\"><img loading=\"lazy\" decoding=\"async\" class=\"alignleft wp-image-1383 size-medium\" src=\"http:\/\/pom.pt\/2016\/wp-content\/uploads\/2016\/02\/M12-W12-Easy-Short-300x209.jpg\" alt=\"M12, W12, Easy Short\" width=\"300\" height=\"209\" srcset=\"https:\/\/pom.pt\/2016\/wp-content\/uploads\/2016\/02\/M12-W12-Easy-Short-300x209.jpg 300w, https:\/\/pom.pt\/2016\/wp-content\/uploads\/2016\/02\/M12-W12-Easy-Short-768x535.jpg 768w, https:\/\/pom.pt\/2016\/wp-content\/uploads\/2016\/02\/M12-W12-Easy-Short-1024x713.jpg 1024w\" sizes=\"auto, (max-width: 300px) 100vw, 300px\" \/><\/a> <a href=\"http:\/\/pom.pt\/2016\/wp-content\/uploads\/2016\/02\/M10-W10-2.jpg\" target=\"_blank\"><img loading=\"lazy\" decoding=\"async\" class=\"alignleft wp-image-1382 size-medium\" src=\"http:\/\/pom.pt\/2016\/wp-content\/uploads\/2016\/02\/M10-W10-2-300x209.jpg\" alt=\"M10, W10\" width=\"300\" height=\"209\" srcset=\"https:\/\/pom.pt\/2016\/wp-content\/uploads\/2016\/02\/M10-W10-2-300x209.jpg 300w, https:\/\/pom.pt\/2016\/wp-content\/uploads\/2016\/02\/M10-W10-2-768x535.jpg 768w, https:\/\/pom.pt\/2016\/wp-content\/uploads\/2016\/02\/M10-W10-2-1024x713.jpg 1024w\" sizes=\"auto, (max-width: 300px) 100vw, 300px\" \/><\/a> <a href=\"http:\/\/pom.pt\/2016\/wp-content\/uploads\/2016\/02\/Easy-Long-2.jpg\" target=\"_blank\"><img loading=\"lazy\" decoding=\"async\" class=\"alignleft wp-image-1381 size-medium\" src=\"http:\/\/pom.pt\/2016\/wp-content\/uploads\/2016\/02\/Easy-Long-2-300x244.jpg\" alt=\"Easy Long\" width=\"300\" height=\"244\" srcset=\"https:\/\/pom.pt\/2016\/wp-content\/uploads\/2016\/02\/Easy-Long-2-300x244.jpg 300w, https:\/\/pom.pt\/2016\/wp-content\/uploads\/2016\/02\/Easy-Long-2-768x625.jpg 768w, https:\/\/pom.pt\/2016\/wp-content\/uploads\/2016\/02\/Easy-Long-2-1024x833.jpg 1024w\" sizes=\"auto, (max-width: 300px) 100vw, 300px\" \/><\/a><\/p>","protected":false},"excerpt":{"rendered":"<p>08\/Fev &#8211; Dist\u00e2ncia Longa &#8211; Serrinha (download com melhor resolu\u00e7\u00e3o)<\/p>\n","protected":false},"author":3,"featured_media":0,"parent":0,"menu_order":0,"comment_status":"closed","ping_status":"closed","template":"","meta":{"_monsterinsights_skip_tracking":false,"_monsterinsights_sitenote_active":false,"_monsterinsights_sitenote_note":"","_monsterinsights_sitenote_category":0,"footnotes":""},"class_list":["post-1415","page","type-page","status-publish","hentry"],"_links":{"self":[{"href":"https:\/\/pom.pt\/2016\/wp-json\/wp\/v2\/pages\/1415","targetHints":{"allow":["GET"]}}],"collection":[{"href":"https:\/\/pom.pt\/2016\/wp-json\/wp\/v2\/pages"}],"about":[{"href":"https:\/\/pom.pt\/2016\/wp-json\/wp\/v2\/types\/page"}],"author":[{"embeddable":true,"href":"https:\/\/pom.pt\/2016\/wp-json\/wp\/v2\/users\/3"}],"replies":[{"embeddable":true,"href":"https:\/\/pom.pt\/2016\/wp-json\/wp\/v2\/comments?post=1415"}],"version-history":[{"count":3,"href":"https:\/\/pom.pt\/2016\/wp-json\/wp\/v2\/pages\/1415\/revisions"}],"predecessor-version":[{"id":1422,"href":"https:\/\/pom.pt\/2016\/wp-json\/wp\/v2\/pages\/1415\/revisions\/1422"}],"wp:attachment":[{"href":"https:\/\/pom.pt\/2016\/wp-json\/wp\/v2\/media?parent=1415"}],"curies":[{"name":"wp","href":"https:\/\/api.w.org\/{rel}","templated":true}]}}