{"id":79,"date":"2015-03-29T17:39:23","date_gmt":"2015-03-29T16:39:23","guid":{"rendered":"http:\/\/pom.pt\/2016\/en\/?page_id=79"},"modified":"2016-01-27T21:22:21","modified_gmt":"2016-01-27T21:22:21","slug":"dia-2-preo","status":"publish","type":"page","link":"https:\/\/pom.pt\/2016\/en\/dia-2-preo\/","title":{"rendered":"Day 2 &#8211; Invacare PreO &#8211; Abelheira"},"content":{"rendered":"<p><\/p>\n<h3><span style=\"color: #ff0000\">Statement from the National Event Advisor about POM 2016 Invacare Preo<\/span><\/h3>\n<p>The number of entries in Invacare PreO Open Class has risen beyond the best organizing team plans and that is due to the high interest of the athletes.<\/p>\n<p>For that reason, there is a commitment of POM 2016 team in order to allow everyone to participate and not frustrate expectations by limiting entries.<\/p>\n<p>There is a real concern to assure there is enough time for all athletes coming from the Foot-O Middle course to take some rest, eat properly and arrive safely to the PreO competition.<\/p>\n<p>Before this statement, the estimated window of time needed to cue all competitors through a single timed control station may not provide equal daylight conditions for everyone.<\/p>\n<p>In order to overcome this situation and prevent any unfairness concerning the Portuguese Cup and the ETOC2016\/WTOC2016 national team qualifying events, the National Advisor decided to allow the following solution:<\/p>\n<p>&#8211; The final planning of the course will not be cropped, so all 3 timed control station challenges and 24 course control points will be setup.<\/p>\n<p>&#8211; A dual timed station will be held close to each other, with visual and sound interference minimized. Chairs will be apart by some meters.<\/p>\n<p>&#8211; The point-of-view viewing angle is similar between stations in order to use the same map and order of challenges.<\/p>\n<p>&#8211;\u00a0 The slightly different position of elements and flags viewed from each station chair will not be an issue, because of the closeness of the viewing points, the rounded shape of the timed maps and the nature of PreO timed controls (there is no Zero answer).<\/p>\n<p>&#8211; For operational reasons, the spoken procedures will be mainly in Portuguese in one station and English in the other.<\/p>\n<p>&#8211; The startlists for Open class will be published by station.<\/p>\n<p>The National Advisor asks to be informed in advance (before the event) if someone is uncomfortable and disagree with this rule deviation, as the Invacare Open Class results will be published independently of the station used by each athlete.<\/p>\n<p>No complains will be accepted about the solution taken of splitting the timed station.<\/p>\n<p>Nuno Pires, on 2016, january 26th<\/p>\n<p>&nbsp;<\/p>\n<p><strong>Specifications:<\/strong><\/p>\n<p><img loading=\"lazy\" decoding=\"async\" class=\"size-full wp-image-1095 aligncenter\" src=\"http:\/\/pom.pt\/2016\/wp-content\/uploads\/2015\/03\/Inf-Tecnicas-PreO-US-Final.jpg\" alt=\"Inf Tecnicas PreO US-Final\" width=\"1371\" height=\"221\" srcset=\"https:\/\/pom.pt\/2016\/wp-content\/uploads\/2015\/03\/Inf-Tecnicas-PreO-US-Final.jpg 1371w, https:\/\/pom.pt\/2016\/wp-content\/uploads\/2015\/03\/Inf-Tecnicas-PreO-US-Final-300x48.jpg 300w, https:\/\/pom.pt\/2016\/wp-content\/uploads\/2015\/03\/Inf-Tecnicas-PreO-US-Final-768x124.jpg 768w, https:\/\/pom.pt\/2016\/wp-content\/uploads\/2015\/03\/Inf-Tecnicas-PreO-US-Final-1024x165.jpg 1024w\" sizes=\"auto, (max-width: 1371px) 100vw, 1371px\" \/><\/p>\n<p><strong>Map:\u00a0<\/strong>Abelheira (2015)<\/p>\n<p><strong>Mapmaker:<\/strong>\u00a0Rui Antunes<\/p>\n<p><strong>Course setter:\u00a0<\/strong>In\u00eas Domingues &amp; Edgar Domingues<\/p>\n<p><strong>Map scale:\u00a0<\/strong>1:5 000<\/p>\n<p><strong>Contour interval:\u00a0<\/strong>5m<\/p>\n<p><strong>Event Adviser:\u00a0<\/strong>Nuno Pires<\/p>\n<p><strong>Map Samples:<\/strong><\/p>\n<p><a href=\"http:\/\/pom.pt\/2016\/wp-content\/uploads\/2015\/03\/PreOExcertoMapaIII.jpg\"><img loading=\"lazy\" decoding=\"async\" class=\"aligncenter wp-image-851 size-medium\" src=\"http:\/\/pom.pt\/2016\/wp-content\/uploads\/2015\/03\/PreOExcertoMapaIII-300x254.jpg\" alt=\"PreOExcertoMapaIII\" width=\"300\" height=\"254\" srcset=\"https:\/\/pom.pt\/2016\/wp-content\/uploads\/2015\/03\/PreOExcertoMapaIII-300x254.jpg 300w, https:\/\/pom.pt\/2016\/wp-content\/uploads\/2015\/03\/PreOExcertoMapaIII.jpg 763w\" sizes=\"auto, (max-width: 300px) 100vw, 300px\" \/><\/a> <a href=\"http:\/\/pom.pt\/2016\/wp-content\/uploads\/2015\/03\/PreOExcertoMapaII.jpg\"><br \/>\n<\/a> <a href=\"http:\/\/pom.pt\/2016\/wp-content\/uploads\/2015\/03\/PreOExcertoMapaI.jpg\"><img loading=\"lazy\" decoding=\"async\" class=\"aligncenter wp-image-849 size-medium\" src=\"http:\/\/pom.pt\/2016\/wp-content\/uploads\/2015\/03\/PreOExcertoMapaI-300x276.jpg\" alt=\"PreOExcertoMapaI\" width=\"300\" height=\"276\" srcset=\"https:\/\/pom.pt\/2016\/wp-content\/uploads\/2015\/03\/PreOExcertoMapaI-300x276.jpg 300w, https:\/\/pom.pt\/2016\/wp-content\/uploads\/2015\/03\/PreOExcertoMapaI.jpg 747w\" sizes=\"auto, (max-width: 300px) 100vw, 300px\" \/><\/a><\/p>\n<p><strong>Photos:<\/strong><\/p>\n<p><img loading=\"lazy\" decoding=\"async\" class=\"size-full wp-image-961\" src=\"http:\/\/pom.pt\/2016\/wp-content\/uploads\/2015\/03\/PreO_01.jpg\" alt=\"KONICA MINOLTA DIGITAL CAMERA\" width=\"1704\" height=\"1278\" srcset=\"https:\/\/pom.pt\/2016\/wp-content\/uploads\/2015\/03\/PreO_01.jpg 1704w, https:\/\/pom.pt\/2016\/wp-content\/uploads\/2015\/03\/PreO_01-300x225.jpg 300w, https:\/\/pom.pt\/2016\/wp-content\/uploads\/2015\/03\/PreO_01-768x576.jpg 768w, https:\/\/pom.pt\/2016\/wp-content\/uploads\/2015\/03\/PreO_01-1024x768.jpg 1024w\" sizes=\"auto, (max-width: 1704px) 100vw, 1704px\" \/> <img loading=\"lazy\" decoding=\"async\" class=\"size-full wp-image-962\" src=\"http:\/\/pom.pt\/2016\/wp-content\/uploads\/2015\/03\/PreO_02.jpg\" alt=\"KONICA MINOLTA DIGITAL CAMERA\" width=\"1704\" height=\"1278\" srcset=\"https:\/\/pom.pt\/2016\/wp-content\/uploads\/2015\/03\/PreO_02.jpg 1704w, https:\/\/pom.pt\/2016\/wp-content\/uploads\/2015\/03\/PreO_02-300x225.jpg 300w, https:\/\/pom.pt\/2016\/wp-content\/uploads\/2015\/03\/PreO_02-768x576.jpg 768w, https:\/\/pom.pt\/2016\/wp-content\/uploads\/2015\/03\/PreO_02-1024x768.jpg 1024w\" sizes=\"auto, (max-width: 1704px) 100vw, 1704px\" \/><br \/>\n<img loading=\"lazy\" decoding=\"async\" class=\"size-full wp-image-963\" src=\"http:\/\/pom.pt\/2016\/wp-content\/uploads\/2015\/03\/PreO_03.jpg\" alt=\"KONICA MINOLTA DIGITAL CAMERA\" width=\"1704\" height=\"1278\" srcset=\"https:\/\/pom.pt\/2016\/wp-content\/uploads\/2015\/03\/PreO_03.jpg 1704w, https:\/\/pom.pt\/2016\/wp-content\/uploads\/2015\/03\/PreO_03-300x225.jpg 300w, https:\/\/pom.pt\/2016\/wp-content\/uploads\/2015\/03\/PreO_03-768x576.jpg 768w, https:\/\/pom.pt\/2016\/wp-content\/uploads\/2015\/03\/PreO_03-1024x768.jpg 1024w\" sizes=\"auto, (max-width: 1704px) 100vw, 1704px\" \/><\/p>\n<p><strong>Terrain:<\/strong><\/p>\n<p>Terrain rich in natural elements, mainly rocks.<\/p>\n<p>The course is all in paved road, with good conditions for wheel chairs, although it has some climb. Leaving the road is not allowed, resulting in the disqualification of the competitor.<\/p>\n<p>Organisers will not provide escorts for paralympic competitors. It is the responsibility of the competitor to bring its own escort.<\/p>\n<p>The minimum threshold to map individual rocks is, at least, 2 meters of height. It is left for the competitor to find out which rocks are mapped.<\/p>\n<p>It is mandatory to keep SILENCE while the competition is taking place. During the competition the navigational aids that competitors may use are only the map and control descriptions provided by the organiser, and a compass. No mechanical or electronic aids, other than an odometer and a watch are allowed. A magnifying glass either incorporated in the compass or separate is allowed. Binoculars and telescopes are prohibited. Telecommunication equipment may not be used in the competition area. Any other use of telecommunication equipment during the competition period may result in disqualification of the competitor.<\/p>\n<p>Complaints must be made, by the athlete, in the secretariat or to the event directors, up to 15 minutes after the course solutions are published.<\/p>\n<p><strong>Rules:<\/strong><\/p>\n<p>The competition rules of the Portuguese Orienteering Federation (\u201cRegulamento de Competi\u00e7\u00f5es 2015 da Federa\u00e7\u00e3o Portuguesa de Orienta\u00e7\u00e3o (FPO)\u201d) will be fully applied. Any situation not covered by the rules, will be decided by the organizers, taking in consideration the \u201cCompetition Rules for IOF trail Orienteering Events\u201d (valid from 1 January 2015).<\/p>","protected":false},"excerpt":{"rendered":"<p>Statement from the National Event Advisor about POM 2016 Invacare Preo The number of entries in Invacare PreO Open Class has risen beyond the best organizing team plans and that is due to the high interest of the athletes. For that reason, there is a commitment of POM 2016 team in order to allow everyone to participate and not frustrate expectations by limiting entries. There is a real concern to assure there is enough time for all athletes coming from the Foot-O Middle course to take some rest, eat properly and arrive safely to the PreO competition. Before this statement, the estimated window of time needed to cue all competitors &hellip; <a href=\"https:\/\/pom.pt\/2016\/en\/dia-2-preo\/\" class=\"more-link\">Continue reading <span class=\"screen-reader-text\">Day 2 &#8211; Invacare PreO &#8211; Abelheira<\/span><\/a><\/p>\n","protected":false},"author":3,"featured_media":0,"parent":0,"menu_order":0,"comment_status":"closed","ping_status":"closed","template":"","meta":{"_monsterinsights_skip_tracking":false,"_monsterinsights_sitenote_active":false,"_monsterinsights_sitenote_note":"","_monsterinsights_sitenote_category":0,"footnotes":""},"class_list":["post-79","page","type-page","status-publish","hentry"],"_links":{"self":[{"href":"https:\/\/pom.pt\/2016\/en\/wp-json\/wp\/v2\/pages\/79","targetHints":{"allow":["GET"]}}],"collection":[{"href":"https:\/\/pom.pt\/2016\/en\/wp-json\/wp\/v2\/pages"}],"about":[{"href":"https:\/\/pom.pt\/2016\/en\/wp-json\/wp\/v2\/types\/page"}],"author":[{"embeddable":true,"href":"https:\/\/pom.pt\/2016\/en\/wp-json\/wp\/v2\/users\/3"}],"replies":[{"embeddable":true,"href":"https:\/\/pom.pt\/2016\/en\/wp-json\/wp\/v2\/comments?post=79"}],"version-history":[{"count":23,"href":"https:\/\/pom.pt\/2016\/en\/wp-json\/wp\/v2\/pages\/79\/revisions"}],"predecessor-version":[{"id":1097,"href":"https:\/\/pom.pt\/2016\/en\/wp-json\/wp\/v2\/pages\/79\/revisions\/1097"}],"wp:attachment":[{"href":"https:\/\/pom.pt\/2016\/en\/wp-json\/wp\/v2\/media?parent=79"}],"curies":[{"name":"wp","href":"https:\/\/api.w.org\/{rel}","templated":true}]}}