{"id":787,"date":"2015-10-22T22:50:18","date_gmt":"2015-10-22T21:50:18","guid":{"rendered":"http:\/\/pom.pt\/2016\/en\/?page_id=787"},"modified":"2015-10-22T23:14:32","modified_gmt":"2015-10-22T22:14:32","slug":"organizacao","status":"publish","type":"page","link":"https:\/\/pom.pt\/2016\/en\/organizacao\/","title":{"rendered":"Organization"},"content":{"rendered":"<p><strong>COC<\/strong> &#8211; Clube de Orienta\u00e7\u00e3o do Centro<\/p>\n<p><strong>CMP<\/strong> &#8211;\u00a0Munic\u00edpio\u00a0de Penamacor<\/p>\n<p><strong>FPO<\/strong> &#8211; Federa\u00e7\u00e3o Portuguesa de Orienta\u00e7\u00e3o<\/p>\n<p><strong>IOF<\/strong>\u00a0&#8211;\u00a0International Orienteering Federation<\/p>\n<p><strong>Courses setters:\u00a0<\/strong>Rui Antunes, Carlos Monteiro, Patr\u00edcia Casalinho, Helder Ferreira, In\u00eas Domingues, Edgar Domingues<\/p>\n<p><strong>Map makers:\u00a0<\/strong>Rui Antunes, Jos\u00e9 Batista, Carlos Vale<\/p>\n<p><strong>POM IOF Adviser:\u00a0<\/strong>Rui Morais<\/p>\n<p><strong>PreO Invacare Adviser:<\/strong> Nuno Pires<\/p>","protected":false},"excerpt":{"rendered":"<p>COC &#8211; Clube de Orienta\u00e7\u00e3o do Centro CMP &#8211;\u00a0Munic\u00edpio\u00a0de Penamacor FPO &#8211; Federa\u00e7\u00e3o Portuguesa de Orienta\u00e7\u00e3o IOF\u00a0&#8211;\u00a0International Orienteering Federation Courses setters:\u00a0Rui Antunes, Carlos Monteiro, Patr\u00edcia Casalinho, Helder Ferreira, In\u00eas Domingues, Edgar Domingues Map makers:\u00a0Rui Antunes, Jos\u00e9 Batista, Carlos Vale POM IOF Adviser:\u00a0Rui Morais PreO Invacare Adviser: Nuno Pires<\/p>\n","protected":false},"author":3,"featured_media":0,"parent":0,"menu_order":0,"comment_status":"closed","ping_status":"closed","template":"","meta":{"_monsterinsights_skip_tracking":false,"_monsterinsights_sitenote_active":false,"_monsterinsights_sitenote_note":"","_monsterinsights_sitenote_category":0,"footnotes":""},"class_list":["post-787","page","type-page","status-publish","hentry"],"_links":{"self":[{"href":"https:\/\/pom.pt\/2016\/en\/wp-json\/wp\/v2\/pages\/787","targetHints":{"allow":["GET"]}}],"collection":[{"href":"https:\/\/pom.pt\/2016\/en\/wp-json\/wp\/v2\/pages"}],"about":[{"href":"https:\/\/pom.pt\/2016\/en\/wp-json\/wp\/v2\/types\/page"}],"author":[{"embeddable":true,"href":"https:\/\/pom.pt\/2016\/en\/wp-json\/wp\/v2\/users\/3"}],"replies":[{"embeddable":true,"href":"https:\/\/pom.pt\/2016\/en\/wp-json\/wp\/v2\/comments?post=787"}],"version-history":[{"count":6,"href":"https:\/\/pom.pt\/2016\/en\/wp-json\/wp\/v2\/pages\/787\/revisions"}],"predecessor-version":[{"id":794,"href":"https:\/\/pom.pt\/2016\/en\/wp-json\/wp\/v2\/pages\/787\/revisions\/794"}],"wp:attachment":[{"href":"https:\/\/pom.pt\/2016\/en\/wp-json\/wp\/v2\/media?parent=787"}],"curies":[{"name":"wp","href":"https:\/\/api.w.org\/{rel}","templated":true}]}}