{"id":75,"date":"2015-03-29T17:37:47","date_gmt":"2015-03-29T16:37:47","guid":{"rendered":"http:\/\/pom.pt\/2016\/en\/?page_id=75"},"modified":"2016-01-22T19:14:06","modified_gmt":"2016-01-22T19:14:06","slug":"dia-1-urban-night-race","status":"publish","type":"page","link":"https:\/\/pom.pt\/2016\/en\/dia-1-urban-night-race\/","title":{"rendered":"Day 1 &#8211; Urban Night Race &#8211; Penamacor"},"content":{"rendered":"<p>Predicted winning time for all classes: between 18 and 23 min.<\/p>\n<p><a href=\"http:\/\/pom.pt\/2016\/wp-content\/uploads\/2015\/03\/Informa\u00e7\u00f5es-T\u00e9cnicas-Noturna_ENG.jpg\" target=\"_blank\"><img loading=\"lazy\" decoding=\"async\" class=\"aligncenter wp-image-1052 size-full\" src=\"http:\/\/pom.pt\/2016\/wp-content\/uploads\/2015\/03\/Informa\u00e7\u00f5es-T\u00e9cnicas-Noturna_ENG.jpg\" alt=\"Informa\u00e7\u00f5es T\u00e9cnicas Noturna_ENG\" width=\"751\" height=\"1005\" srcset=\"https:\/\/pom.pt\/2016\/wp-content\/uploads\/2015\/03\/Informa\u00e7\u00f5es-T\u00e9cnicas-Noturna_ENG.jpg 751w, https:\/\/pom.pt\/2016\/wp-content\/uploads\/2015\/03\/Informa\u00e7\u00f5es-T\u00e9cnicas-Noturna_ENG-224x300.jpg 224w\" sizes=\"auto, (max-width: 751px) 100vw, 751px\" \/><\/a><\/p>\n<p><strong>Map:\u00a0<\/strong>Penamacor (2015)<\/p>\n<p><strong>Mapmaker:\u00a0<\/strong>Carlos Vale<\/p>\n<p><strong>Course setter:\u00a0<\/strong>Patr\u00edcia Casalinho<\/p>\n<p><strong>Map scale:\u00a0<\/strong>1:4 000<\/p>\n<p><strong>Contour interval:\u00a0<\/strong>5m<\/p>\n<p><strong>Map samples:<\/strong><\/p>\n<p><img loading=\"lazy\" decoding=\"async\" class=\"size-full wp-image-1049 aligncenter\" src=\"http:\/\/pom.pt\/2016\/wp-content\/uploads\/2016\/01\/excerto-do-Mapa-Noturna_1.jpg\" alt=\"excerto do Mapa- Noturna_1\" width=\"507\" height=\"391\" srcset=\"https:\/\/pom.pt\/2016\/wp-content\/uploads\/2016\/01\/excerto-do-Mapa-Noturna_1.jpg 507w, https:\/\/pom.pt\/2016\/wp-content\/uploads\/2016\/01\/excerto-do-Mapa-Noturna_1-300x231.jpg 300w\" sizes=\"auto, (max-width: 507px) 100vw, 507px\" \/> <img loading=\"lazy\" decoding=\"async\" class=\"size-full wp-image-1050 aligncenter\" src=\"http:\/\/pom.pt\/2016\/wp-content\/uploads\/2016\/01\/excerto-do-Mapa-Noturna_2.jpg\" alt=\"excerto do Mapa- Noturna_2\" width=\"497\" height=\"351\" srcset=\"https:\/\/pom.pt\/2016\/wp-content\/uploads\/2016\/01\/excerto-do-Mapa-Noturna_2.jpg 497w, https:\/\/pom.pt\/2016\/wp-content\/uploads\/2016\/01\/excerto-do-Mapa-Noturna_2-300x212.jpg 300w\" sizes=\"auto, (max-width: 497px) 100vw, 497px\" \/><\/p>\n<p><strong>Photos:<\/strong><\/p>\n<p><a href=\"http:\/\/pom.pt\/2016\/wp-content\/uploads\/2015\/08\/Foto1.jpg\"><img loading=\"lazy\" decoding=\"async\" class=\"aligncenter size-full wp-image-634\" src=\"http:\/\/pom.pt\/2016\/wp-content\/uploads\/2015\/08\/Foto1.jpg\" alt=\"Foto1\" width=\"1328\" height=\"801\" srcset=\"https:\/\/pom.pt\/2016\/wp-content\/uploads\/2015\/08\/Foto1.jpg 1328w, https:\/\/pom.pt\/2016\/wp-content\/uploads\/2015\/08\/Foto1-300x181.jpg 300w, https:\/\/pom.pt\/2016\/wp-content\/uploads\/2015\/08\/Foto1-1024x618.jpg 1024w\" sizes=\"auto, (max-width: 1328px) 100vw, 1328px\" \/><\/a><\/p>\n<figure id=\"attachment_632\" aria-describedby=\"caption-attachment-632\" style=\"width: 1223px\" class=\"wp-caption aligncenter\"><a href=\"http:\/\/pom.pt\/2016\/wp-content\/uploads\/2015\/08\/Penamacor-II.jpg\"><img loading=\"lazy\" decoding=\"async\" class=\"size-full wp-image-632\" src=\"http:\/\/pom.pt\/2016\/wp-content\/uploads\/2015\/08\/Penamacor-II.jpg\" alt=\"SONY DSC\" width=\"1223\" height=\"1837\" srcset=\"https:\/\/pom.pt\/2016\/wp-content\/uploads\/2015\/08\/Penamacor-II.jpg 1223w, https:\/\/pom.pt\/2016\/wp-content\/uploads\/2015\/08\/Penamacor-II-200x300.jpg 200w, https:\/\/pom.pt\/2016\/wp-content\/uploads\/2015\/08\/Penamacor-II-682x1024.jpg 682w\" sizes=\"auto, (max-width: 1223px) 100vw, 1223px\" \/><\/a><figcaption id=\"caption-attachment-632\" class=\"wp-caption-text\"><a href=\"http:\/\/pom.pt\/2016\/wp-content\/uploads\/2015\/08\/Penamacor-I.jpg\"><img loading=\"lazy\" decoding=\"async\" class=\"size-full wp-image-631\" src=\"http:\/\/pom.pt\/2016\/wp-content\/uploads\/2015\/08\/Penamacor-I.jpg\" alt=\"SONY DSC\" width=\"1837\" height=\"1223\" srcset=\"https:\/\/pom.pt\/2016\/wp-content\/uploads\/2015\/08\/Penamacor-I.jpg 1837w, https:\/\/pom.pt\/2016\/wp-content\/uploads\/2015\/08\/Penamacor-I-300x200.jpg 300w, https:\/\/pom.pt\/2016\/wp-content\/uploads\/2015\/08\/Penamacor-I-1024x682.jpg 1024w\" sizes=\"auto, (max-width: 1837px) 100vw, 1837px\" \/><\/a><\/figcaption><\/figure>\n<p><a href=\"http:\/\/pom.pt\/2016\/wp-content\/uploads\/2015\/08\/Penamacor-III.jpg\"><img loading=\"lazy\" decoding=\"async\" class=\"size-full wp-image-633\" src=\"http:\/\/pom.pt\/2016\/wp-content\/uploads\/2015\/08\/Penamacor-III.jpg\" alt=\"SONY DSC\" width=\"1837\" height=\"1223\" srcset=\"https:\/\/pom.pt\/2016\/wp-content\/uploads\/2015\/08\/Penamacor-III.jpg 1837w, https:\/\/pom.pt\/2016\/wp-content\/uploads\/2015\/08\/Penamacor-III-300x200.jpg 300w, https:\/\/pom.pt\/2016\/wp-content\/uploads\/2015\/08\/Penamacor-III-1024x682.jpg 1024w\" sizes=\"auto, (max-width: 1837px) 100vw, 1837px\" \/><\/a><\/p>","protected":false},"excerpt":{"rendered":"<p>Predicted winning time for all classes: between 18 and 23 min. Map:\u00a0Penamacor (2015) Mapmaker:\u00a0Carlos Vale Course setter:\u00a0Patr\u00edcia Casalinho Map scale:\u00a01:4 000 Contour interval:\u00a05m Map samples: Photos:<\/p>\n","protected":false},"author":3,"featured_media":0,"parent":0,"menu_order":0,"comment_status":"closed","ping_status":"closed","template":"","meta":{"_monsterinsights_skip_tracking":false,"_monsterinsights_sitenote_active":false,"_monsterinsights_sitenote_note":"","_monsterinsights_sitenote_category":0,"footnotes":""},"class_list":["post-75","page","type-page","status-publish","hentry"],"_links":{"self":[{"href":"https:\/\/pom.pt\/2016\/en\/wp-json\/wp\/v2\/pages\/75","targetHints":{"allow":["GET"]}}],"collection":[{"href":"https:\/\/pom.pt\/2016\/en\/wp-json\/wp\/v2\/pages"}],"about":[{"href":"https:\/\/pom.pt\/2016\/en\/wp-json\/wp\/v2\/types\/page"}],"author":[{"embeddable":true,"href":"https:\/\/pom.pt\/2016\/en\/wp-json\/wp\/v2\/users\/3"}],"replies":[{"embeddable":true,"href":"https:\/\/pom.pt\/2016\/en\/wp-json\/wp\/v2\/comments?post=75"}],"version-history":[{"count":14,"href":"https:\/\/pom.pt\/2016\/en\/wp-json\/wp\/v2\/pages\/75\/revisions"}],"predecessor-version":[{"id":1054,"href":"https:\/\/pom.pt\/2016\/en\/wp-json\/wp\/v2\/pages\/75\/revisions\/1054"}],"wp:attachment":[{"href":"https:\/\/pom.pt\/2016\/en\/wp-json\/wp\/v2\/media?parent=75"}],"curies":[{"name":"wp","href":"https:\/\/api.w.org\/{rel}","templated":true}]}}